{"id":1643,"date":"2024-01-30T15:02:17","date_gmt":"2024-01-30T20:02:17","guid":{"rendered":"https:\/\/titanwaterheaterfl.com\/faq\/"},"modified":"2024-02-13T08:26:54","modified_gmt":"2024-02-13T13:26:54","slug":"preguntas-mas-frecuentes","status":"publish","type":"page","link":"https:\/\/titanwaterheaterfl.com\/es\/preguntas-mas-frecuentes\/","title":{"rendered":"Preguntas m\u00e1s Frecuentes"},"content":{"rendered":"\t\t<div data-elementor-type=\"wp-page\" data-elementor-id=\"1643\" class=\"elementor elementor-1643 elementor-1506\" data-elementor-post-type=\"page\">\n\t\t\t\t\t\t<section class=\"elementor-section elementor-top-section elementor-element elementor-element-54d6c2f elementor-section-boxed elementor-section-height-default elementor-section-height-default\" data-id=\"54d6c2f\" data-element_type=\"section\">\n\t\t\t\t\t\t<div class=\"elementor-container elementor-column-gap-default\">\n\t\t\t\t\t<div class=\"elementor-column elementor-col-100 elementor-top-column elementor-element elementor-element-3a3e0d2\" data-id=\"3a3e0d2\" data-element_type=\"column\">\n\t\t\t<div class=\"elementor-widget-wrap elementor-element-populated\">\n\t\t\t\t\t\t<div class=\"elementor-element elementor-element-8a038fc elementor-widget elementor-widget-text-editor\" data-id=\"8a038fc\" data-element_type=\"widget\" data-widget_type=\"text-editor.default\">\n\t\t\t\t<div class=\"elementor-widget-container\">\n\t\t\t\t\t\t\t\t\t<p>Si tiene alguna pregunta, lea nuestras preguntas frecuentes para obtener m\u00e1s informaci\u00f3n sobre nuestros productos y encontrar las respuestas a las preguntas que tenga.<\/p>\t\t\t\t\t\t\t\t<\/div>\n\t\t\t\t<\/div>\n\t\t\t\t<div class=\"elementor-element elementor-element-1e35c55 elementor-widget elementor-widget-heading\" data-id=\"1e35c55\" data-element_type=\"widget\" data-widget_type=\"heading.default\">\n\t\t\t\t<div class=\"elementor-widget-container\">\n\t\t\t\t\t<h2 class=\"elementor-heading-title elementor-size-default\">Preguntas comunes sobre los calentadores de agua sin tanque de la marca Titan y la marca Stiebel Eltron:<\/h2>\t\t\t\t<\/div>\n\t\t\t\t<\/div>\n\t\t\t\t<div class=\"elementor-element elementor-element-d936f29 elementor-widget elementor-widget-shortcode\" data-id=\"d936f29\" data-element_type=\"widget\" data-widget_type=\"shortcode.default\">\n\t\t\t\t<div class=\"elementor-widget-container\">\n\t\t\t\t\t\t\t<div class=\"elementor-shortcode\">            <div class=\"qae-faqs-container qae-faqs-toggle-container\">\n\t\t\t\t\t\t\t<ul class=\"qe-faqs-filters-container\">\n\t\t\t\t<li class=\"active\"><a class=\"qe-faqs-filter all-faqs\" href=\"#\" data-filter=\"*\">Todo<\/a><\/li>\n\t\t\t\t<li><a class=\"qe-faqs-filter\" href=\"#titan-es\" data-filter=\".titan-es\">Titan<\/a><\/li>\t\t\t<\/ul>\n\t\t\t<h3 class=\"qe-faqs-group-title\">Titan<\/h3>\t\t<div id=\"qaef-3655\" class=\"qe-faq-toggle titan-es\">\n\t\t\t<div class=\"qe-toggle-title\">\n\t\t\t\t<h4>\n\t\t\t\t\t<i class=\"fa fa-minus-circle\"><\/i> \u00bfCu\u00e1les son el amperaje y voltaje requeridos y los kilovatios m\u00e1ximos?\t\t\t\t<\/h4>\n\t\t\t<\/div>\n\t\t\t<div class=\"qe-toggle-content\">\n\t\t\t\t\r\n<p>Ver tabla <a href=\"https:\/\/tanklesswaterheater.com\/titanscr2-electronic-digital-tankless-water-heater.html\">aqu\u00ed<\/a>.<\/p>\r\n\t\t\t<\/div>\n\t\t<\/div>\n\t\t\t\t<div id=\"qaef-3654\" class=\"qe-faq-toggle titan-es\">\n\t\t\t<div class=\"qe-toggle-title\">\n\t\t\t\t<h4>\n\t\t\t\t\t<i class=\"fa fa-minus-circle\"><\/i> \u00bfEs monof\u00e1sico o trif\u00e1sico?\t\t\t\t<\/h4>\n\t\t\t<\/div>\n\t\t\t<div class=\"qe-toggle-content\">\n\t\t\t\t<p>Monof\u00e1sico (Sencillo).<\/p>\n\t\t\t<\/div>\n\t\t<\/div>\n\t\t\t\t<div id=\"qaef-3653\" class=\"qe-faq-toggle titan-es\">\n\t\t\t<div class=\"qe-toggle-title\">\n\t\t\t\t<h4>\n\t\t\t\t\t<i class=\"fa fa-minus-circle\"><\/i> \u00bfLa unidad ha sido probada seg\u00fan los est\u00e1ndares UL?\t\t\t\t<\/h4>\n\t\t\t<\/div>\n\t\t\t<div class=\"qe-toggle-content\">\n\t\t\t\t<p>S\u00ed, cumplimiento #499.<\/p>\n\t\t\t<\/div>\n\t\t<\/div>\n\t\t\t\t<div id=\"qaef-3652\" class=\"qe-faq-toggle titan-es\">\n\t\t\t<div class=\"qe-toggle-title\">\n\t\t\t\t<h4>\n\t\t\t\t\t<i class=\"fa fa-minus-circle\"><\/i> \u00bfCumple con los est\u00e1ndares ANSI\/bajo contenido de plomo?\t\t\t\t<\/h4>\n\t\t\t<\/div>\n\t\t\t<div class=\"qe-toggle-content\">\n\t\t\t\t<p>S\u00ed, NSF \/ ANSI-372 certificado.<\/p>\n\t\t\t<\/div>\n\t\t<\/div>\n\t\t\t\t<div id=\"qaef-3651\" class=\"qe-faq-toggle titan-es\">\n\t\t\t<div class=\"qe-toggle-title\">\n\t\t\t\t<h4>\n\t\t\t\t\t<i class=\"fa fa-minus-circle\"><\/i> \u00bfCu\u00e1l es la garant\u00eda?\t\t\t\t<\/h4>\n\t\t\t<\/div>\n\t\t\t<div class=\"qe-toggle-content\">\n\t\t\t\t<p>Diez a\u00f1os en carcasa; Un a\u00f1o en componentes.<\/p>\n\t\t\t<\/div>\n\t\t<\/div>\n\t\t\t\t<div id=\"qaef-3650\" class=\"qe-faq-toggle titan-es\">\n\t\t\t<div class=\"qe-toggle-title\">\n\t\t\t\t<h4>\n\t\t\t\t\t<i class=\"fa fa-minus-circle\"><\/i> \u00bfCu\u00e1l es la vida \u00fatil esperada de la unidad?\t\t\t\t<\/h4>\n\t\t\t<\/div>\n\t\t\t<div class=\"qe-toggle-content\">\n\t\t\t\t<p>Aproximadamente entre 10 y 20 a\u00f1os, dependiendo de la calidad del agua, el uso y el medio ambiente.<\/p>\n\t\t\t<\/div>\n\t\t<\/div>\n\t\t\t\t<div id=\"qaef-3649\" class=\"qe-faq-toggle titan-es\">\n\t\t\t<div class=\"qe-toggle-title\">\n\t\t\t\t<h4>\n\t\t\t\t\t<i class=\"fa fa-minus-circle\"><\/i> \u00bfEs seguro para los ni\u00f1os?\t\t\t\t<\/h4>\n\t\t\t<\/div>\n\t\t\t<div class=\"qe-toggle-content\">\n\t\t\t\t<p>S\u00ed, sin llamas ni gas y no se activar\u00e1 con grifos con fugas.<\/p>\n\t\t\t<\/div>\n\t\t<\/div>\n\t\t\t\t<div id=\"qaef-3648\" class=\"qe-faq-toggle titan-es\">\n\t\t\t<div class=\"qe-toggle-title\">\n\t\t\t\t<h4>\n\t\t\t\t\t<i class=\"fa fa-minus-circle\"><\/i> \u00bfEmitir\u00e1 alguna radiaci\u00f3n?\t\t\t\t<\/h4>\n\t\t\t<\/div>\n\t\t\t<div class=\"qe-toggle-content\">\n\t\t\t\t\r\n<p>No.<\/p>\r\n\t\t\t<\/div>\n\t\t<\/div>\n\t\t\t\t<div id=\"qaef-3647\" class=\"qe-faq-toggle titan-es\">\n\t\t\t<div class=\"qe-toggle-title\">\n\t\t\t\t<h4>\n\t\t\t\t\t<i class=\"fa fa-minus-circle\"><\/i> \u00bfCu\u00e1l es el ahorro de energ\u00eda?\t\t\t\t<\/h4>\n\t\t\t<\/div>\n\t\t\t<div class=\"qe-toggle-content\">\n\t\t\t\t<p>Aproximadamente un 60% del costo de calentamiento de agua en comparaci\u00f3n con un calentador convencional.<\/p>\n\t\t\t<\/div>\n\t\t<\/div>\n\t\t\t\t<div id=\"qaef-3646\" class=\"qe-faq-toggle titan-es\">\n\t\t\t<div class=\"qe-toggle-title\">\n\t\t\t\t<h4>\n\t\t\t\t\t<i class=\"fa fa-minus-circle\"><\/i> \u00bfCu\u00e1l es el peso de la unidad?\t\t\t\t<\/h4>\n\t\t\t<\/div>\n\t\t\t<div class=\"qe-toggle-content\">\n\t\t\t\t<p>El peso var\u00eda de 8 libras a 12 libras.<\/p>\n\t\t\t<\/div>\n\t\t<\/div>\n\t\t\t\t<div id=\"qaef-3645\" class=\"qe-faq-toggle titan-es\">\n\t\t\t<div class=\"qe-toggle-title\">\n\t\t\t\t<h4>\n\t\t\t\t\t<i class=\"fa fa-minus-circle\"><\/i> \u00bfCuales son las medidas de la unidad?\t\t\t\t<\/h4>\n\t\t\t<\/div>\n\t\t\t<div class=\"qe-toggle-content\">\n\t\t\t\t\r\n<p>Alto 10&#8243; x Ancho 7&#8243; x Profundidad 2.75&#8243;.<\/p>\r\n\t\t\t<\/div>\n\t\t<\/div>\n\t\t\t\t<div id=\"qaef-3632\" class=\"qe-faq-toggle titan-es\">\n\t\t\t<div class=\"qe-toggle-title\">\n\t\t\t\t<h4>\n\t\t\t\t\t<i class=\"fa fa-minus-circle\"><\/i> \u00bfCu\u00e1les son las medidas de la caja para el env\u00edo?\t\t\t\t<\/h4>\n\t\t\t<\/div>\n\t\t\t<div class=\"qe-toggle-content\">\n\t\t\t\t\r\n<p>H 12&#8243; x W 9&#8243; x D 4.75&#8243;.<\/p>\r\n\t\t\t<\/div>\n\t\t<\/div>\n\t\t\t\t<div id=\"qaef-3631\" class=\"qe-faq-toggle titan-es\">\n\t\t\t<div class=\"qe-toggle-title\">\n\t\t\t\t<h4>\n\t\t\t\t\t<i class=\"fa fa-minus-circle\"><\/i> \u00bfCu\u00e1ntos galones de agua caliente por minuto producir\u00e1?\t\t\t\t<\/h4>\n\t\t\t<\/div>\n\t\t\t<div class=\"qe-toggle-content\">\n\t\t\t\t<p>Depende del modelo, ver especificaciones.<\/p>\n\t\t\t<\/div>\n\t\t<\/div>\n\t\t\t\t<div id=\"qaef-3630\" class=\"qe-faq-toggle titan-es\">\n\t\t\t<div class=\"qe-toggle-title\">\n\t\t\t\t<h4>\n\t\t\t\t\t<i class=\"fa fa-minus-circle\"><\/i> \u00bfCu\u00e1l es la temperatura del agua?\t\t\t\t<\/h4>\n\t\t\t<\/div>\n\t\t\t<div class=\"qe-toggle-content\">\n\t\t\t\t<p>El control del modo de energ\u00eda se puede ajustar para aumentar o disminuir la temperatura del agua.<\/p>\n\t\t\t<\/div>\n\t\t<\/div>\n\t\t\t\t<div id=\"qaef-3629\" class=\"qe-faq-toggle titan-es\">\n\t\t\t<div class=\"qe-toggle-title\">\n\t\t\t\t<h4>\n\t\t\t\t\t<i class=\"fa fa-minus-circle\"><\/i> \u00bfCu\u00e1nto tiempo tarda el agua en calentarse lo suficiente para ducharse?\t\t\t\t<\/h4>\n\t\t\t<\/div>\n\t\t\t<div class=\"qe-toggle-content\">\n\t\t\t\t<p>El agua que pasa por el calentador se calienta instant\u00e1neamente. El tiempo vendr\u00e1 determinado por la distancia que debe recorrer el agua. (Ej. Si la unidad est\u00e1 a 20 pies del punto de uso, el agua en la tuber\u00eda entre la unidad y el punto de uso debe eliminarse primero para que llegue all\u00ed aproximadamente 20 segundos despu\u00e9s de abrir el agua, pero despu\u00e9s disfrutar\u00e1s de agua caliente sin fin, incluso si mam\u00e1 enciende la lavadora, pap\u00e1 decide sumergirse en la ba\u00f1era y tu hermana necesita lavarse el cabello).<\/p>\n\t\t\t<\/div>\n\t\t<\/div>\n\t\t\t\t<div id=\"qaef-3628\" class=\"qe-faq-toggle titan-es\">\n\t\t\t<div class=\"qe-toggle-title\">\n\t\t\t\t<h4>\n\t\t\t\t\t<i class=\"fa fa-minus-circle\"><\/i> \u00bfDe qu\u00e9 tama\u00f1o es la entrada?\t\t\t\t<\/h4>\n\t\t\t<\/div>\n\t\t\t<div class=\"qe-toggle-content\">\n\t\t\t\t<p>1\/2&#8243; y 3\/4&#8243; en los modelos serie 4.<\/p>\n\t\t\t<\/div>\n\t\t<\/div>\n\t\t\t\t<div id=\"qaef-3627\" class=\"qe-faq-toggle titan-es\">\n\t\t\t<div class=\"qe-toggle-title\">\n\t\t\t\t<h4>\n\t\t\t\t\t<i class=\"fa fa-minus-circle\"><\/i> \u00bfDe qu\u00e9 tama\u00f1o es la salida?\t\t\t\t<\/h4>\n\t\t\t<\/div>\n\t\t\t<div class=\"qe-toggle-content\">\n\t\t\t\t<p>1\/2&#8243; y 3\/4&#8243; en los modelos serie 4.<\/p>\n\t\t\t<\/div>\n\t\t<\/div>\n\t\t\t\t<div id=\"qaef-3626\" class=\"qe-faq-toggle titan-es\">\n\t\t\t<div class=\"qe-toggle-title\">\n\t\t\t\t<h4>\n\t\t\t\t\t<i class=\"fa fa-minus-circle\"><\/i> \u00bfSe puede reemplazar un calentador tradicional por un calentador sin tanque sin necesidad de trabajos el\u00e9ctricos o de plomer\u00eda adicionales?\t\t\t\t<\/h4>\n\t\t\t<\/div>\n\t\t\t<div class=\"qe-toggle-content\">\n\t\t\t\t<p>La plomer\u00eda requiere una l\u00ednea de entrada desde la tuber\u00eda principal y otra de salida a la casa (igual que un calentador de agua convencional). Consulte siempre con un electricista profesional calificado.<\/p>\n\t\t\t<\/div>\n\t\t<\/div>\n\t\t\t\t<div id=\"qaef-3625\" class=\"qe-faq-toggle titan-es\">\n\t\t\t<div class=\"qe-toggle-title\">\n\t\t\t\t<h4>\n\t\t\t\t\t<i class=\"fa fa-minus-circle\"><\/i> \u00bfQu\u00e9 sucede si necesito reparar mi calentador de agua sin tanque Titan despu\u00e9s de la garant\u00eda?\t\t\t\t<\/h4>\n\t\t\t<\/div>\n\t\t\t<div class=\"qe-toggle-content\">\n\t\t\t\t<p>Somos un centro de reparaci\u00f3n calificado. Hay dos tarifas de $75,00 y $85,00 (m\u00e1s los gastos de env\u00edo a trav\u00e9s de UPS Ground y una garant\u00eda adicional de 1 a\u00f1o).<\/p>\n\t\t\t<\/div>\n\t\t<\/div>\n\t\t\t\t<div id=\"qaef-3624\" class=\"qe-faq-toggle titan-es\">\n\t\t\t<div class=\"qe-toggle-title\">\n\t\t\t\t<h4>\n\t\t\t\t\t<i class=\"fa fa-minus-circle\"><\/i> \u00bfPor qu\u00e9 deber\u00eda comprar su producto y no el de la competencia?\t\t\t\t<\/h4>\n\t\t\t<\/div>\n\t\t\t<div class=\"qe-toggle-content\">\n\t\t\t\t<p>Nuestras unidades son los calentadores de agua sin tanque originales. Hemos estado construyendo calentadores de agua sin tanque aqu\u00ed en los Estados Unidos durante un cuarto de siglo. Dise\u00f1amos, desarrollamos y probamos todas nuestras propias unidades y buscamos constantemente mejores formas de mejorar. Una mejora importante ha sido el controlador PID, este dise\u00f1o hace que la tecnolog\u00eda de encendido\/apagado anterior quede obsoleta.<\/p>\n\t\t\t<\/div>\n\t\t<\/div>\n\t\t\t\t<div id=\"qaef-3623\" class=\"qe-faq-toggle titan-es\">\n\t\t\t<div class=\"qe-toggle-title\">\n\t\t\t\t<h4>\n\t\t\t\t\t<i class=\"fa fa-minus-circle\"><\/i> \u00bfPor qu\u00e9 deber\u00eda comprar el calentador de agua sin tanque en lugar del calentador de agua convencional?\t\t\t\t<\/h4>\n\t\t\t<\/div>\n\t\t\t<div class=\"qe-toggle-content\">\n\t\t\t\t<p>60 % de ahorro en energ\u00eda para calentar agua (calentar el agua representa el 25 % de la factura de energ\u00eda de un hogar promedio), ahorro de espacio, f\u00e1cil de instalar, no requiere ventilaci\u00f3n, no hay puntos ni piezas m\u00f3viles, todo cobre y lat\u00f3n en el interior, sin tanque (por lo que no se rompe por oxidaci\u00f3n ni causa inundaciones), no se acopla al grifo que gotea, calienta el agua solo cuando es necesario, suministro ilimitado de agua caliente, elementos calefactores blindados para mayor confiabilidad y larga vida \u00fatil.<\/p>\n\t\t\t<\/div>\n\t\t<\/div>\n\t\t\t\t<div id=\"qaef-3622\" class=\"qe-faq-toggle titan-es\">\n\t\t\t<div class=\"qe-toggle-title\">\n\t\t\t\t<h4>\n\t\t\t\t\t<i class=\"fa fa-minus-circle\"><\/i> \u00bfLo instalas?\t\t\t\t<\/h4>\n\t\t\t<\/div>\n\t\t\t<div class=\"qe-toggle-content\">\n\t\t\t\t<p>No, Tankless USA INC. no ofrece servicios de instalaci\u00f3n.<\/p>\n\t\t\t<\/div>\n\t\t<\/div>\n\t\t\t\t<div id=\"qaef-3621\" class=\"qe-faq-toggle titan-es\">\n\t\t\t<div class=\"qe-toggle-title\">\n\t\t\t\t<h4>\n\t\t\t\t\t<i class=\"fa fa-minus-circle\"><\/i> \u00bfQui\u00e9n puede instalar esto por m\u00ed?\t\t\t\t<\/h4>\n\t\t\t<\/div>\n\t\t\t<div class=\"qe-toggle-content\">\n\t\t\t\t<p>Cualquier fontanero autorizado puede instalar esta unidad, ya que es m\u00e1s f\u00e1cil y menos complicado de instalar que un calentador de agua convencional. Se necesita un electricista autorizado si no hay un tomacorriente de 220 voltios. Tambi\u00e9n obtenga todos los permisos para garantizar que la instalaci\u00f3n se haya realizado correctamente y seg\u00fan el C\u00f3digo El\u00e9ctrico Nacional y local.<\/p>\n\t\t\t<\/div>\n\t\t<\/div>\n\t\t\t\t<div id=\"qaef-3620\" class=\"qe-faq-toggle titan-es\">\n\t\t\t<div class=\"qe-toggle-title\">\n\t\t\t\t<h4>\n\t\t\t\t\t<i class=\"fa fa-minus-circle\"><\/i> \u00bfEs confiable esta unidad?\t\t\t\t<\/h4>\n\t\t\t<\/div>\n\t\t\t<div class=\"qe-toggle-content\">\n\t\t\t\t<p>Extremadamente fiable, f\u00e1cil y econ\u00f3mico.<\/p>\n\t\t\t<\/div>\n\t\t<\/div>\n\t\t\t\t<div id=\"qaef-3619\" class=\"qe-faq-toggle titan-es\">\n\t\t\t<div class=\"qe-toggle-title\">\n\t\t\t\t<h4>\n\t\t\t\t\t<i class=\"fa fa-minus-circle\"><\/i> \u00bfExiste un l\u00edmite en cuanto de cu\u00e1nto tiempo producir\u00e1 agua caliente?\t\t\t\t<\/h4>\n\t\t\t<\/div>\n\t\t\t<div class=\"qe-toggle-content\">\n\t\t\t\t<p>No, producir\u00e1 agua ilimitada a un ritmo constante.<\/p>\n\t\t\t<\/div>\n\t\t<\/div>\n\t\t\t\t<div id=\"qaef-3613\" class=\"qe-faq-toggle titan-es\">\n\t\t\t<div class=\"qe-toggle-title\">\n\t\t\t\t<h4>\n\t\t\t\t\t<i class=\"fa fa-minus-circle\"><\/i> Si hago el pedido hoy, \u00bfcu\u00e1nto tiempo pasar\u00e1 antes de recibir mi calentador?\t\t\t\t<\/h4>\n\t\t\t<\/div>\n\t\t\t<div class=\"qe-toggle-content\">\n\t\t\t\t<p>Todos los pedidos que recibimos antes de las 4:00 p. m., hora del Este, se env\u00edan por UPS terrestre. Normalmente dentro de Florida demora un d\u00eda h\u00e1bil y en otros estados entre dos y tres d\u00edas.<\/p>\n\t\t\t<\/div>\n\t\t<\/div>\n\t\t\t\t<div id=\"qaef-3612\" class=\"qe-faq-toggle titan-es\">\n\t\t\t<div class=\"qe-toggle-title\">\n\t\t\t\t<h4>\n\t\t\t\t\t<i class=\"fa fa-minus-circle\"><\/i> \u00bfEs energ\u00e9ticamente eficiente?\t\t\t\t<\/h4>\n\t\t\t<\/div>\n\t\t\t<div class=\"qe-toggle-content\">\n\t\t\t\t<p>Tiene un 99,5% de eficiencia energ\u00e9tica.<\/p>\n\t\t\t<\/div>\n\t\t<\/div>\n\t\t\t\t<div id=\"qaef-3611\" class=\"qe-faq-toggle titan-es\">\n\t\t\t<div class=\"qe-toggle-title\">\n\t\t\t\t<h4>\n\t\t\t\t\t<i class=\"fa fa-minus-circle\"><\/i> \u00bfQu\u00e9 es lo que realmente calienta el agua?\t\t\t\t<\/h4>\n\t\t\t<\/div>\n\t\t\t<div class=\"qe-toggle-content\">\n\t\t\t\t<p>Un elemento calefactor blindado.<\/p>\n\t\t\t<\/div>\n\t\t<\/div>\n\t\t\t\t<div id=\"qaef-3610\" class=\"qe-faq-toggle titan-es\">\n\t\t\t<div class=\"qe-toggle-title\">\n\t\t\t\t<h4>\n\t\t\t\t\t<i class=\"fa fa-minus-circle\"><\/i> \u00bfViene con instrucciones de instalaci\u00f3n?\t\t\t\t<\/h4>\n\t\t\t<\/div>\n\t\t\t<div class=\"qe-toggle-content\">\n\t\t\t\t<p>S\u00ed, siga todas las instrucciones y contrate a un plomero y electricista autorizado para obtener todos los permisos necesarios.<\/p>\n\t\t\t<\/div>\n\t\t<\/div>\n\t\t\t\t<div id=\"qaef-3609\" class=\"qe-faq-toggle titan-es\">\n\t\t\t<div class=\"qe-toggle-title\">\n\t\t\t\t<h4>\n\t\t\t\t\t<i class=\"fa fa-minus-circle\"><\/i> \u00bfQu\u00e9 resistencia tiene la unidad al agua dura?\t\t\t\t<\/h4>\n\t\t\t<\/div>\n\t\t\t<div class=\"qe-toggle-content\">\n\t\t\t\t<p>Muy resistente. Carcasa de lat\u00f3n e interior de cobre y lat\u00f3n.<\/p>\n\t\t\t<\/div>\n\t\t<\/div>\n\t\t\t\t<div id=\"qaef-3608\" class=\"qe-faq-toggle titan-es\">\n\t\t\t<div class=\"qe-toggle-title\">\n\t\t\t\t<h4>\n\t\t\t\t\t<i class=\"fa fa-minus-circle\"><\/i> \u00bfNecesita una ventilaci\u00f3n exterior como los calentadores de agua tradicionales?\t\t\t\t<\/h4>\n\t\t\t<\/div>\n\t\t\t<div class=\"qe-toggle-content\">\n\t\t\t\t<p>No, la ventilaci\u00f3n es necesaria como lo requieren los calentadores de agua de tanque convencionales.<\/p>\n\t\t\t<\/div>\n\t\t<\/div>\n\t\t\t\t<div id=\"qaef-3607\" class=\"qe-faq-toggle titan-es\">\n\t\t\t<div class=\"qe-toggle-title\">\n\t\t\t\t<h4>\n\t\t\t\t\t<i class=\"fa fa-minus-circle\"><\/i> \u00bfCu\u00e1les son las aplicaciones donde se puede utilizar este calentador de agua?\t\t\t\t<\/h4>\n\t\t\t<\/div>\n\t\t\t<div class=\"qe-toggle-content\">\n\t\t\t\t<p>Casas, apartamentos, condominios, hospitales, barcos, salones de belleza, laboratorios, caravanas, oficinas, hospitales, restaurantes, f\u00e1bricas, escuelas, en cualquier lugar donde se necesite agua caliente.<\/p>\n\t\t\t<\/div>\n\t\t<\/div>\n\t\t            <\/div>\n\t\t<\/div>\n\t\t\t\t\t\t<\/div>\n\t\t\t\t<\/div>\n\t\t\t\t\t<\/div>\n\t\t<\/div>\n\t\t\t\t\t<\/div>\n\t\t<\/section>\n\t\t\t\t<\/div>\n\t\t","protected":false},"excerpt":{"rendered":"<p>Si tiene alguna pregunta, lea nuestras preguntas frecuentes para obtener m\u00e1s informaci\u00f3n&#8230;<\/p>\n","protected":false},"author":1,"featured_media":1872,"parent":0,"menu_order":0,"comment_status":"closed","ping_status":"closed","template":"","meta":{"_joinchat":[],"footnotes":""},"wf_page_folders":[],"class_list":["post-1643","page","type-page","status-publish","has-post-thumbnail","hentry"],"yoast_head":"<!-- This site is optimized with the Yoast SEO Premium plugin v21.5 (Yoast SEO v26.6) - https:\/\/yoast.com\/wordpress\/plugins\/seo\/ -->\n<title>Preguntas m\u00e1s Frecuentes - Tankless Electric Water Heaters - Tankless USA Inc<\/title>\n<meta name=\"robots\" content=\"index, follow, max-snippet:-1, max-image-preview:large, max-video-preview:-1\" \/>\n<link rel=\"canonical\" href=\"https:\/\/titanwaterheaterfl.com\/es\/preguntas-mas-frecuentes\/\" \/>\n<meta property=\"og:locale\" content=\"es_ES\" \/>\n<meta property=\"og:type\" content=\"article\" \/>\n<meta property=\"og:title\" content=\"Preguntas m\u00e1s Frecuentes\" \/>\n<meta property=\"og:description\" content=\"Si tiene alguna pregunta, lea nuestras preguntas frecuentes para obtener m\u00e1s informaci\u00f3n...\" \/>\n<meta property=\"og:url\" content=\"https:\/\/titanwaterheaterfl.com\/es\/preguntas-mas-frecuentes\/\" \/>\n<meta property=\"og:site_name\" content=\"Tankless Electric Water Heaters - Tankless USA Inc\" \/>\n<meta property=\"article:modified_time\" content=\"2024-02-13T13:26:54+00:00\" \/>\n<meta property=\"og:image\" content=\"https:\/\/titanwaterheaterfl.com\/wp-content\/uploads\/2024\/02\/Header-BG_Others_TanklessUSA.jpg\" \/>\n\t<meta property=\"og:image:width\" content=\"1920\" \/>\n\t<meta property=\"og:image:height\" content=\"350\" \/>\n\t<meta property=\"og:image:type\" content=\"image\/jpeg\" \/>\n<meta name=\"twitter:card\" content=\"summary_large_image\" \/>\n<meta name=\"twitter:label1\" content=\"Tiempo de lectura\" \/>\n\t<meta name=\"twitter:data1\" content=\"1 minuto\" \/>\n<script type=\"application\/ld+json\" class=\"yoast-schema-graph\">{\"@context\":\"https:\/\/schema.org\",\"@graph\":[{\"@type\":\"WebPage\",\"@id\":\"https:\/\/titanwaterheaterfl.com\/es\/preguntas-mas-frecuentes\/\",\"url\":\"https:\/\/titanwaterheaterfl.com\/es\/preguntas-mas-frecuentes\/\",\"name\":\"Preguntas m\u00e1s Frecuentes - Tankless Electric Water Heaters - Tankless USA Inc\",\"isPartOf\":{\"@id\":\"https:\/\/titanwaterheaterfl.com\/#website\"},\"primaryImageOfPage\":{\"@id\":\"https:\/\/titanwaterheaterfl.com\/es\/preguntas-mas-frecuentes\/#primaryimage\"},\"image\":{\"@id\":\"https:\/\/titanwaterheaterfl.com\/es\/preguntas-mas-frecuentes\/#primaryimage\"},\"thumbnailUrl\":\"https:\/\/titanwaterheaterfl.com\/wp-content\/uploads\/2024\/02\/Header-BG_Others_TanklessUSA.jpg\",\"datePublished\":\"2024-01-30T20:02:17+00:00\",\"dateModified\":\"2024-02-13T13:26:54+00:00\",\"breadcrumb\":{\"@id\":\"https:\/\/titanwaterheaterfl.com\/es\/preguntas-mas-frecuentes\/#breadcrumb\"},\"inLanguage\":\"es\",\"potentialAction\":[{\"@type\":\"ReadAction\",\"target\":[\"https:\/\/titanwaterheaterfl.com\/es\/preguntas-mas-frecuentes\/\"]}]},{\"@type\":\"ImageObject\",\"inLanguage\":\"es\",\"@id\":\"https:\/\/titanwaterheaterfl.com\/es\/preguntas-mas-frecuentes\/#primaryimage\",\"url\":\"https:\/\/titanwaterheaterfl.com\/wp-content\/uploads\/2024\/02\/Header-BG_Others_TanklessUSA.jpg\",\"contentUrl\":\"https:\/\/titanwaterheaterfl.com\/wp-content\/uploads\/2024\/02\/Header-BG_Others_TanklessUSA.jpg\",\"width\":1920,\"height\":350},{\"@type\":\"BreadcrumbList\",\"@id\":\"https:\/\/titanwaterheaterfl.com\/es\/preguntas-mas-frecuentes\/#breadcrumb\",\"itemListElement\":[{\"@type\":\"ListItem\",\"position\":1,\"name\":\"Home\",\"item\":\"https:\/\/titanwaterheaterfl.com\/\"},{\"@type\":\"ListItem\",\"position\":2,\"name\":\"Preguntas m\u00e1s Frecuentes\"}]},{\"@type\":\"WebSite\",\"@id\":\"https:\/\/titanwaterheaterfl.com\/#website\",\"url\":\"https:\/\/titanwaterheaterfl.com\/\",\"name\":\"Tankless Electric Water Heaters - Tankless USA Inc\",\"description\":\"Find out how much a tankless water heater will cost for your home, and start saving money today. Our experts at Tankless USA Inc. can help you choose the best option for your needs. Tankless Electric Water Heaters, Miami, Florida.\",\"potentialAction\":[{\"@type\":\"SearchAction\",\"target\":{\"@type\":\"EntryPoint\",\"urlTemplate\":\"https:\/\/titanwaterheaterfl.com\/?s={search_term_string}\"},\"query-input\":{\"@type\":\"PropertyValueSpecification\",\"valueRequired\":true,\"valueName\":\"search_term_string\"}}],\"inLanguage\":\"es\"}]}<\/script>\n<!-- \/ Yoast SEO Premium plugin. -->","yoast_head_json":{"title":"Preguntas m\u00e1s Frecuentes - Tankless Electric Water Heaters - Tankless USA Inc","robots":{"index":"index","follow":"follow","max-snippet":"max-snippet:-1","max-image-preview":"max-image-preview:large","max-video-preview":"max-video-preview:-1"},"canonical":"https:\/\/titanwaterheaterfl.com\/es\/preguntas-mas-frecuentes\/","og_locale":"es_ES","og_type":"article","og_title":"Preguntas m\u00e1s Frecuentes","og_description":"Si tiene alguna pregunta, lea nuestras preguntas frecuentes para obtener m\u00e1s informaci\u00f3n...","og_url":"https:\/\/titanwaterheaterfl.com\/es\/preguntas-mas-frecuentes\/","og_site_name":"Tankless Electric Water Heaters - Tankless USA Inc","article_modified_time":"2024-02-13T13:26:54+00:00","og_image":[{"width":1920,"height":350,"url":"https:\/\/titanwaterheaterfl.com\/wp-content\/uploads\/2024\/02\/Header-BG_Others_TanklessUSA.jpg","type":"image\/jpeg"}],"twitter_card":"summary_large_image","twitter_misc":{"Tiempo de lectura":"1 minuto"},"schema":{"@context":"https:\/\/schema.org","@graph":[{"@type":"WebPage","@id":"https:\/\/titanwaterheaterfl.com\/es\/preguntas-mas-frecuentes\/","url":"https:\/\/titanwaterheaterfl.com\/es\/preguntas-mas-frecuentes\/","name":"Preguntas m\u00e1s Frecuentes - Tankless Electric Water Heaters - Tankless USA Inc","isPartOf":{"@id":"https:\/\/titanwaterheaterfl.com\/#website"},"primaryImageOfPage":{"@id":"https:\/\/titanwaterheaterfl.com\/es\/preguntas-mas-frecuentes\/#primaryimage"},"image":{"@id":"https:\/\/titanwaterheaterfl.com\/es\/preguntas-mas-frecuentes\/#primaryimage"},"thumbnailUrl":"https:\/\/titanwaterheaterfl.com\/wp-content\/uploads\/2024\/02\/Header-BG_Others_TanklessUSA.jpg","datePublished":"2024-01-30T20:02:17+00:00","dateModified":"2024-02-13T13:26:54+00:00","breadcrumb":{"@id":"https:\/\/titanwaterheaterfl.com\/es\/preguntas-mas-frecuentes\/#breadcrumb"},"inLanguage":"es","potentialAction":[{"@type":"ReadAction","target":["https:\/\/titanwaterheaterfl.com\/es\/preguntas-mas-frecuentes\/"]}]},{"@type":"ImageObject","inLanguage":"es","@id":"https:\/\/titanwaterheaterfl.com\/es\/preguntas-mas-frecuentes\/#primaryimage","url":"https:\/\/titanwaterheaterfl.com\/wp-content\/uploads\/2024\/02\/Header-BG_Others_TanklessUSA.jpg","contentUrl":"https:\/\/titanwaterheaterfl.com\/wp-content\/uploads\/2024\/02\/Header-BG_Others_TanklessUSA.jpg","width":1920,"height":350},{"@type":"BreadcrumbList","@id":"https:\/\/titanwaterheaterfl.com\/es\/preguntas-mas-frecuentes\/#breadcrumb","itemListElement":[{"@type":"ListItem","position":1,"name":"Home","item":"https:\/\/titanwaterheaterfl.com\/"},{"@type":"ListItem","position":2,"name":"Preguntas m\u00e1s Frecuentes"}]},{"@type":"WebSite","@id":"https:\/\/titanwaterheaterfl.com\/#website","url":"https:\/\/titanwaterheaterfl.com\/","name":"Tankless Electric Water Heaters - Tankless USA Inc","description":"Find out how much a tankless water heater will cost for your home, and start saving money today. Our experts at Tankless USA Inc. can help you choose the best option for your needs. Tankless Electric Water Heaters, Miami, Florida.","potentialAction":[{"@type":"SearchAction","target":{"@type":"EntryPoint","urlTemplate":"https:\/\/titanwaterheaterfl.com\/?s={search_term_string}"},"query-input":{"@type":"PropertyValueSpecification","valueRequired":true,"valueName":"search_term_string"}}],"inLanguage":"es"}]}},"_links":{"self":[{"href":"https:\/\/titanwaterheaterfl.com\/es\/wp-json\/wp\/v2\/pages\/1643","targetHints":{"allow":["GET"]}}],"collection":[{"href":"https:\/\/titanwaterheaterfl.com\/es\/wp-json\/wp\/v2\/pages"}],"about":[{"href":"https:\/\/titanwaterheaterfl.com\/es\/wp-json\/wp\/v2\/types\/page"}],"author":[{"embeddable":true,"href":"https:\/\/titanwaterheaterfl.com\/es\/wp-json\/wp\/v2\/users\/1"}],"replies":[{"embeddable":true,"href":"https:\/\/titanwaterheaterfl.com\/es\/wp-json\/wp\/v2\/comments?post=1643"}],"version-history":[{"count":4,"href":"https:\/\/titanwaterheaterfl.com\/es\/wp-json\/wp\/v2\/pages\/1643\/revisions"}],"predecessor-version":[{"id":3811,"href":"https:\/\/titanwaterheaterfl.com\/es\/wp-json\/wp\/v2\/pages\/1643\/revisions\/3811"}],"wp:featuredmedia":[{"embeddable":true,"href":"https:\/\/titanwaterheaterfl.com\/es\/wp-json\/wp\/v2\/media\/1872"}],"wp:attachment":[{"href":"https:\/\/titanwaterheaterfl.com\/es\/wp-json\/wp\/v2\/media?parent=1643"}],"wp:term":[{"taxonomy":"wf_page_folders","embeddable":true,"href":"https:\/\/titanwaterheaterfl.com\/es\/wp-json\/wp\/v2\/wf_page_folders?post=1643"}],"curies":[{"name":"wp","href":"https:\/\/api.w.org\/{rel}","templated":true}]}}