{"id":3399,"date":"2024-02-19T18:17:46","date_gmt":"2024-02-19T23:17:46","guid":{"rendered":"https:\/\/titanwaterheaterfl.com\/product\/titan-tankless-water-heater-n-10-scr-2-digital-110v-3-2kw-29-amp-1-5gpm\/"},"modified":"2024-03-05T08:41:29","modified_gmt":"2024-03-05T13:41:29","slug":"titan-tankless-water-heater-n-10-scr-2-digital-110v-3-2kw-29-amp-1-5gpm","status":"publish","type":"product","link":"https:\/\/titanwaterheaterfl.com\/es\/producto\/titan-tankless-water-heater-n-10-scr-2-digital-110v-3-2kw-29-amp-1-5gpm\/","title":{"rendered":"Calentador de Agua sin Tanque TITAN N-10 SCR-2 Digital. 110V. 3,2Kw. 29 amperios. 1,5 GPM"},"content":{"rendered":"<p style=\"text-align: justify;\"><strong>\u00a1Env\u00edo terrestre gratuito por UPS!<\/strong><\/p>\n<p style=\"text-align: justify;\"><strong>Disponible para RECOGER LOCAL en nuestra Tienda en Miami<\/strong><\/p>\n<p style=\"text-align: justify;\">N-10 utiliza 110 voltios y suministrar\u00e1 s\u00f3lo agua caliente al punto de uso, como un fregadero en climas c\u00e1lidos.<\/p>\n<p style=\"text-align: justify;\">NO ES APTO PARA DUCHA.<\/p>\n<p style=\"text-align: justify;\">Usos: punto de uso, caravanas, veh\u00edculos recreativos. \u00daselo debajo de su fregadero o en su bote o veh\u00edculo recreativo donde los requisitos de energ\u00eda son bajos y la demanda no tan alta.<\/p>\n<ul style=\"text-align: justify;\">\n<li><strong>Racores de Compresi\u00f3n:<\/strong> 1\/2&#8243;<\/li>\n<li><strong>3,2 KW a 110 V<\/strong><\/li>\n<li><strong>29 amperios: se requiere 1 disyuntor unipolar de 30 amperios. 1, l\u00ednea de alambre 10\/2<\/strong><\/li>\n<li><strong>Dimensiones:<\/strong> 10&#8243; x 7&#8243; x 2-3\/4&#8243; pulgadas<\/li>\n<li><strong>Peso:<\/strong> 4,4 libras<\/li>\n<\/ul>\n<p style=\"text-align: justify;\"><strong>Requisitos de presi\u00f3n de tuber\u00eda:<\/strong>\u00a05 PSI-Min.\/150 PSI<\/p>\n<p style=\"text-align: justify;\"><strong>M\u00e1s informaci\u00f3n:<\/strong>\u00a01,5 galones por minuto. (GPM)<\/p>\n<p style=\"text-align: justify;\"><strong>Garant\u00eda:<\/strong> 1 a\u00f1o en componentes. 10 a\u00f1os contra fugas, Directamente con Niagara Industries. 305.876.9010.<\/p>\n<p style=\"text-align: justify;\"><strong>Cumplimiento:<\/strong> UL-#499<\/p>\n<p style=\"text-align: justify;\"><strong>Listado:<\/strong> E212386<\/p>\n<p style=\"text-align: justify;\"><strong>Probado:<\/strong> Laboratorios MET<\/p>\n<p style=\"text-align: justify;\"><strong>Aprobaci\u00f3n NOA Dade:<\/strong> #<a href=\"https:\/\/titanwaterheaterfl.com\/wp-content\/uploads\/2024\/02\/001-18032210-2.pdf\" target=\"_blank\" rel=\"noopener\"><span style=\"color: #a22529;\">18-0322.10<\/span><\/a><\/p>\n<p style=\"text-align: justify;\"><strong>Laboratorios:<\/strong> ETL certificados por NSF\/ANSI-372<\/p>\n<p style=\"text-align: justify;\"><strong>Elementos:<\/strong> Cobre dual\/Nicromo<\/p>\n<p style=\"text-align: justify;\"><strong>Eficiencia Energ\u00e9tica:<\/strong> 99,5%<\/p>\n<p style=\"text-align: justify;\"><strong>Activaci\u00f3n:<\/strong> 0,4 GPM-encendido\/).3 GPM-apagado<\/p>\n<p style=\"text-align: justify;\"><strong>Indicadores:<\/strong> Rojo encendido\/Verde en espera<\/p>\n<p style=\"text-align: justify;\"><strong>Protecci\u00f3n Digital:<\/strong> Control de temperatura &#8211; Termostato reiniciable manual.<\/p>\n<p style=\"text-align: justify;\"><strong>Cat\u00e1logo:<\/strong> <a href=\"https:\/\/titanwaterheaterfl.com\/pdf\/titan\/SCR-2-Front-combined.pdf\" target=\"_blank\" rel=\"noopener\">Descargar PDF<\/a><\/p>\n","protected":false},"excerpt":{"rendered":"<p style=\"text-align: justify;\">El nuevo calentador de agua digital sin tanque TITAN\u00ae-SCR2 incorpora nueva tecnolog\u00eda de la era espacial y presenta un sistema de muestreo de temperatura m\u00e1s r\u00e1pido y preciso, un termostato reiniciable manualmente y un nuevo sistema de an\u00e1lisis diferencial de aire\/agua para evitar arranques en seco (que es un problema clave). para otros sistemas sin tanque).<\/p>\n","protected":false},"featured_media":2215,"comment_status":"closed","ping_status":"closed","template":"","meta":{"_joinchat":[]},"etheme_brands":[],"product_brand":[],"product_cat":[73],"product_tag":[],"class_list":{"0":"post-3399","1":"product","2":"type-product","3":"status-publish","4":"has-post-thumbnail","6":"product_cat-productos-titan","8":"first","9":"instock","10":"taxable","11":"shipping-taxable","12":"purchasable","13":"product-type-simple"},"yoast_head":"<!-- This site is optimized with the Yoast SEO Premium plugin v21.5 (Yoast SEO v26.6) - https:\/\/yoast.com\/wordpress\/plugins\/seo\/ -->\n<title>Calentador de Agua sin Tanque TITAN N-10 SCR-2 Digital. 110V. 3,2Kw. 29 amperios. 1,5 GPM - Tankless Electric Water Heaters - Tankless USA Inc<\/title>\n<meta name=\"robots\" content=\"index, follow, max-snippet:-1, max-image-preview:large, max-video-preview:-1\" \/>\n<link rel=\"canonical\" href=\"https:\/\/titanwaterheaterfl.com\/es\/producto\/titan-tankless-water-heater-n-10-scr-2-digital-110v-3-2kw-29-amp-1-5gpm\/\" \/>\n<meta property=\"og:locale\" content=\"es_ES\" \/>\n<meta property=\"og:type\" content=\"article\" \/>\n<meta property=\"og:title\" content=\"Calentador de Agua sin Tanque TITAN N-10 SCR-2 Digital. 110V. 3,2Kw. 29 amperios. 1,5 GPM\" \/>\n<meta property=\"og:description\" content=\"El nuevo calentador de agua digital sin tanque TITAN\u00ae-SCR2 incorpora nueva tecnolog\u00eda de la era espacial y presenta un sistema de muestreo de temperatura m\u00e1s r\u00e1pido y preciso, un termostato reiniciable manualmente y un nuevo sistema de an\u00e1lisis diferencial de aire\/agua para evitar arranques en seco (que es un problema clave). para otros sistemas sin tanque).\" \/>\n<meta property=\"og:url\" content=\"https:\/\/titanwaterheaterfl.com\/es\/producto\/titan-tankless-water-heater-n-10-scr-2-digital-110v-3-2kw-29-amp-1-5gpm\/\" \/>\n<meta property=\"og:site_name\" content=\"Tankless Electric Water Heaters - Tankless USA Inc\" \/>\n<meta property=\"article:modified_time\" content=\"2024-03-05T13:41:29+00:00\" \/>\n<meta property=\"og:image\" content=\"https:\/\/titanwaterheaterfl.com\/wp-content\/uploads\/2024\/02\/011-TITAN-Tankless-Water-Heater-1.png\" \/>\n\t<meta property=\"og:image:width\" content=\"600\" \/>\n\t<meta property=\"og:image:height\" content=\"800\" \/>\n\t<meta property=\"og:image:type\" content=\"image\/png\" \/>\n<meta name=\"twitter:card\" content=\"summary_large_image\" \/>\n<meta name=\"twitter:label1\" content=\"Tiempo de lectura\" \/>\n\t<meta name=\"twitter:data1\" content=\"1 minuto\" \/>\n<script type=\"application\/ld+json\" class=\"yoast-schema-graph\">{\"@context\":\"https:\/\/schema.org\",\"@graph\":[{\"@type\":\"WebPage\",\"@id\":\"https:\/\/titanwaterheaterfl.com\/es\/producto\/titan-tankless-water-heater-n-10-scr-2-digital-110v-3-2kw-29-amp-1-5gpm\/\",\"url\":\"https:\/\/titanwaterheaterfl.com\/es\/producto\/titan-tankless-water-heater-n-10-scr-2-digital-110v-3-2kw-29-amp-1-5gpm\/\",\"name\":\"Calentador de Agua sin Tanque TITAN N-10 SCR-2 Digital. 110V. 3,2Kw. 29 amperios. 1,5 GPM - Tankless Electric Water Heaters - Tankless USA Inc\",\"isPartOf\":{\"@id\":\"https:\/\/titanwaterheaterfl.com\/#website\"},\"primaryImageOfPage\":{\"@id\":\"https:\/\/titanwaterheaterfl.com\/es\/producto\/titan-tankless-water-heater-n-10-scr-2-digital-110v-3-2kw-29-amp-1-5gpm\/#primaryimage\"},\"image\":{\"@id\":\"https:\/\/titanwaterheaterfl.com\/es\/producto\/titan-tankless-water-heater-n-10-scr-2-digital-110v-3-2kw-29-amp-1-5gpm\/#primaryimage\"},\"thumbnailUrl\":\"https:\/\/titanwaterheaterfl.com\/wp-content\/uploads\/2024\/02\/011-TITAN-Tankless-Water-Heater-1.png\",\"datePublished\":\"2024-02-19T23:17:46+00:00\",\"dateModified\":\"2024-03-05T13:41:29+00:00\",\"breadcrumb\":{\"@id\":\"https:\/\/titanwaterheaterfl.com\/es\/producto\/titan-tankless-water-heater-n-10-scr-2-digital-110v-3-2kw-29-amp-1-5gpm\/#breadcrumb\"},\"inLanguage\":\"es\",\"potentialAction\":[{\"@type\":\"ReadAction\",\"target\":[\"https:\/\/titanwaterheaterfl.com\/es\/producto\/titan-tankless-water-heater-n-10-scr-2-digital-110v-3-2kw-29-amp-1-5gpm\/\"]}]},{\"@type\":\"ImageObject\",\"inLanguage\":\"es\",\"@id\":\"https:\/\/titanwaterheaterfl.com\/es\/producto\/titan-tankless-water-heater-n-10-scr-2-digital-110v-3-2kw-29-amp-1-5gpm\/#primaryimage\",\"url\":\"https:\/\/titanwaterheaterfl.com\/wp-content\/uploads\/2024\/02\/011-TITAN-Tankless-Water-Heater-1.png\",\"contentUrl\":\"https:\/\/titanwaterheaterfl.com\/wp-content\/uploads\/2024\/02\/011-TITAN-Tankless-Water-Heater-1.png\",\"width\":600,\"height\":800},{\"@type\":\"BreadcrumbList\",\"@id\":\"https:\/\/titanwaterheaterfl.com\/es\/producto\/titan-tankless-water-heater-n-10-scr-2-digital-110v-3-2kw-29-amp-1-5gpm\/#breadcrumb\",\"itemListElement\":[{\"@type\":\"ListItem\",\"position\":1,\"name\":\"Home\",\"item\":\"https:\/\/titanwaterheaterfl.com\/\"},{\"@type\":\"ListItem\",\"position\":2,\"name\":\"Tienda\",\"item\":\"https:\/\/titanwaterheaterfl.com\/es\/tienda\/\"},{\"@type\":\"ListItem\",\"position\":3,\"name\":\"Calentador de Agua sin Tanque TITAN N-10 SCR-2 Digital. 110V. 3,2Kw. 29 amperios. 1,5 GPM\"}]},{\"@type\":\"WebSite\",\"@id\":\"https:\/\/titanwaterheaterfl.com\/#website\",\"url\":\"https:\/\/titanwaterheaterfl.com\/\",\"name\":\"Tankless Electric Water Heaters - Tankless USA Inc\",\"description\":\"Find out how much a tankless water heater will cost for your home, and start saving money today. Our experts at Tankless USA Inc. can help you choose the best option for your needs. Tankless Electric Water Heaters, Miami, Florida.\",\"potentialAction\":[{\"@type\":\"SearchAction\",\"target\":{\"@type\":\"EntryPoint\",\"urlTemplate\":\"https:\/\/titanwaterheaterfl.com\/?s={search_term_string}\"},\"query-input\":{\"@type\":\"PropertyValueSpecification\",\"valueRequired\":true,\"valueName\":\"search_term_string\"}}],\"inLanguage\":\"es\"}]}<\/script>\n<!-- \/ Yoast SEO Premium plugin. -->","yoast_head_json":{"title":"Calentador de Agua sin Tanque TITAN N-10 SCR-2 Digital. 110V. 3,2Kw. 29 amperios. 1,5 GPM - Tankless Electric Water Heaters - Tankless USA Inc","robots":{"index":"index","follow":"follow","max-snippet":"max-snippet:-1","max-image-preview":"max-image-preview:large","max-video-preview":"max-video-preview:-1"},"canonical":"https:\/\/titanwaterheaterfl.com\/es\/producto\/titan-tankless-water-heater-n-10-scr-2-digital-110v-3-2kw-29-amp-1-5gpm\/","og_locale":"es_ES","og_type":"article","og_title":"Calentador de Agua sin Tanque TITAN N-10 SCR-2 Digital. 110V. 3,2Kw. 29 amperios. 1,5 GPM","og_description":"El nuevo calentador de agua digital sin tanque TITAN\u00ae-SCR2 incorpora nueva tecnolog\u00eda de la era espacial y presenta un sistema de muestreo de temperatura m\u00e1s r\u00e1pido y preciso, un termostato reiniciable manualmente y un nuevo sistema de an\u00e1lisis diferencial de aire\/agua para evitar arranques en seco (que es un problema clave). para otros sistemas sin tanque).","og_url":"https:\/\/titanwaterheaterfl.com\/es\/producto\/titan-tankless-water-heater-n-10-scr-2-digital-110v-3-2kw-29-amp-1-5gpm\/","og_site_name":"Tankless Electric Water Heaters - Tankless USA Inc","article_modified_time":"2024-03-05T13:41:29+00:00","og_image":[{"width":600,"height":800,"url":"https:\/\/titanwaterheaterfl.com\/wp-content\/uploads\/2024\/02\/011-TITAN-Tankless-Water-Heater-1.png","type":"image\/png"}],"twitter_card":"summary_large_image","twitter_misc":{"Tiempo de lectura":"1 minuto"},"schema":{"@context":"https:\/\/schema.org","@graph":[{"@type":"WebPage","@id":"https:\/\/titanwaterheaterfl.com\/es\/producto\/titan-tankless-water-heater-n-10-scr-2-digital-110v-3-2kw-29-amp-1-5gpm\/","url":"https:\/\/titanwaterheaterfl.com\/es\/producto\/titan-tankless-water-heater-n-10-scr-2-digital-110v-3-2kw-29-amp-1-5gpm\/","name":"Calentador de Agua sin Tanque TITAN N-10 SCR-2 Digital. 110V. 3,2Kw. 29 amperios. 1,5 GPM - Tankless Electric Water Heaters - Tankless USA Inc","isPartOf":{"@id":"https:\/\/titanwaterheaterfl.com\/#website"},"primaryImageOfPage":{"@id":"https:\/\/titanwaterheaterfl.com\/es\/producto\/titan-tankless-water-heater-n-10-scr-2-digital-110v-3-2kw-29-amp-1-5gpm\/#primaryimage"},"image":{"@id":"https:\/\/titanwaterheaterfl.com\/es\/producto\/titan-tankless-water-heater-n-10-scr-2-digital-110v-3-2kw-29-amp-1-5gpm\/#primaryimage"},"thumbnailUrl":"https:\/\/titanwaterheaterfl.com\/wp-content\/uploads\/2024\/02\/011-TITAN-Tankless-Water-Heater-1.png","datePublished":"2024-02-19T23:17:46+00:00","dateModified":"2024-03-05T13:41:29+00:00","breadcrumb":{"@id":"https:\/\/titanwaterheaterfl.com\/es\/producto\/titan-tankless-water-heater-n-10-scr-2-digital-110v-3-2kw-29-amp-1-5gpm\/#breadcrumb"},"inLanguage":"es","potentialAction":[{"@type":"ReadAction","target":["https:\/\/titanwaterheaterfl.com\/es\/producto\/titan-tankless-water-heater-n-10-scr-2-digital-110v-3-2kw-29-amp-1-5gpm\/"]}]},{"@type":"ImageObject","inLanguage":"es","@id":"https:\/\/titanwaterheaterfl.com\/es\/producto\/titan-tankless-water-heater-n-10-scr-2-digital-110v-3-2kw-29-amp-1-5gpm\/#primaryimage","url":"https:\/\/titanwaterheaterfl.com\/wp-content\/uploads\/2024\/02\/011-TITAN-Tankless-Water-Heater-1.png","contentUrl":"https:\/\/titanwaterheaterfl.com\/wp-content\/uploads\/2024\/02\/011-TITAN-Tankless-Water-Heater-1.png","width":600,"height":800},{"@type":"BreadcrumbList","@id":"https:\/\/titanwaterheaterfl.com\/es\/producto\/titan-tankless-water-heater-n-10-scr-2-digital-110v-3-2kw-29-amp-1-5gpm\/#breadcrumb","itemListElement":[{"@type":"ListItem","position":1,"name":"Home","item":"https:\/\/titanwaterheaterfl.com\/"},{"@type":"ListItem","position":2,"name":"Tienda","item":"https:\/\/titanwaterheaterfl.com\/es\/tienda\/"},{"@type":"ListItem","position":3,"name":"Calentador de Agua sin Tanque TITAN N-10 SCR-2 Digital. 110V. 3,2Kw. 29 amperios. 1,5 GPM"}]},{"@type":"WebSite","@id":"https:\/\/titanwaterheaterfl.com\/#website","url":"https:\/\/titanwaterheaterfl.com\/","name":"Tankless Electric Water Heaters - Tankless USA Inc","description":"Find out how much a tankless water heater will cost for your home, and start saving money today. Our experts at Tankless USA Inc. can help you choose the best option for your needs. Tankless Electric Water Heaters, Miami, Florida.","potentialAction":[{"@type":"SearchAction","target":{"@type":"EntryPoint","urlTemplate":"https:\/\/titanwaterheaterfl.com\/?s={search_term_string}"},"query-input":{"@type":"PropertyValueSpecification","valueRequired":true,"valueName":"search_term_string"}}],"inLanguage":"es"}]}},"_links":{"self":[{"href":"https:\/\/titanwaterheaterfl.com\/es\/wp-json\/wp\/v2\/product\/3399","targetHints":{"allow":["GET"]}}],"collection":[{"href":"https:\/\/titanwaterheaterfl.com\/es\/wp-json\/wp\/v2\/product"}],"about":[{"href":"https:\/\/titanwaterheaterfl.com\/es\/wp-json\/wp\/v2\/types\/product"}],"replies":[{"embeddable":true,"href":"https:\/\/titanwaterheaterfl.com\/es\/wp-json\/wp\/v2\/comments?post=3399"}],"version-history":[{"count":4,"href":"https:\/\/titanwaterheaterfl.com\/es\/wp-json\/wp\/v2\/product\/3399\/revisions"}],"predecessor-version":[{"id":4157,"href":"https:\/\/titanwaterheaterfl.com\/es\/wp-json\/wp\/v2\/product\/3399\/revisions\/4157"}],"wp:featuredmedia":[{"embeddable":true,"href":"https:\/\/titanwaterheaterfl.com\/es\/wp-json\/wp\/v2\/media\/2215"}],"wp:attachment":[{"href":"https:\/\/titanwaterheaterfl.com\/es\/wp-json\/wp\/v2\/media?parent=3399"}],"wp:term":[{"taxonomy":"brand","embeddable":true,"href":"https:\/\/titanwaterheaterfl.com\/es\/wp-json\/wp\/v2\/etheme_brands?post=3399"},{"taxonomy":"product_brand","embeddable":true,"href":"https:\/\/titanwaterheaterfl.com\/es\/wp-json\/wp\/v2\/product_brand?post=3399"},{"taxonomy":"product_cat","embeddable":true,"href":"https:\/\/titanwaterheaterfl.com\/es\/wp-json\/wp\/v2\/product_cat?post=3399"},{"taxonomy":"product_tag","embeddable":true,"href":"https:\/\/titanwaterheaterfl.com\/es\/wp-json\/wp\/v2\/product_tag?post=3399"}],"curies":[{"name":"wp","href":"https:\/\/api.w.org\/{rel}","templated":true}]}}