{"id":3422,"date":"2024-02-19T18:50:59","date_gmt":"2024-02-19T23:50:59","guid":{"rendered":"https:\/\/titanwaterheaterfl.com\/product\/titan-tankless-water-heater-n-210-scr-4-digital-21-0-kw-88-amp-5-0-gpm\/"},"modified":"2024-03-05T08:01:17","modified_gmt":"2024-03-05T13:01:17","slug":"titan-tankless-water-heater-n-210-scr-4-digital-21-0-kw-88-amp-5-0-gpm","status":"publish","type":"product","link":"https:\/\/titanwaterheaterfl.com\/es\/producto\/titan-tankless-water-heater-n-210-scr-4-digital-21-0-kw-88-amp-5-0-gpm\/","title":{"rendered":"Calentador de Agua sin Tanque TITAN N-210 SCR-4 Digital. 21,0 kilovatios. 88 amperios. 5,0 galones por minuto"},"content":{"rendered":"<p><strong class=\"x-el x-el-span c2-1c c2-1d c2-3 c2-5p c2-1l c2-50 c2-5q\">\u00a1Env\u00edo terrestre gratuito por UPS!<\/strong><\/p>\n<p><strong class=\"x-el x-el-span c2-1c c2-1d c2-3 c2-5p c2-1l c2-50 c2-5q\">Disponible para \u00abRECOGER LOCAL\u00bb en nuestra Tienda en Miami&lt;\/ fuerte&gt;<\/strong><\/p>\n<p><strong class=\"x-el x-el-span c2-1c c2-1d c2-3 c2-5p c2-1l c2-50 c2-5q\">Usos:<\/strong> 4 ba\u00f1os en casas de climas c\u00e1lidos.<\/p>\n<p><strong class=\"x-el x-el-span c2-1c c2-1d c2-3 c2-5p c2-1l c2-50 c2-5q\">Especificaciones: <\/strong>Dos\u00a0cables de calibre #6 (dos calientes m\u00e1s tierra cada uno), dos disyuntores bipolares de 50 amperios, accesorios para tuber\u00edas de 3\/4 de pulgada en la parte inferior.<\/p>\n<p><strong class=\"x-el x-el-span c2-1c c2-1d c2-3 c2-5p c2-1l c2-50 c2-5q\">M\u00e1s informaci\u00f3n:<\/strong>\u00a05,0 GPM.<\/p>\n<p><strong class=\"x-el x-el-span c2-1c c2-1d c2-3 c2-5p c2-1l c2-50 c2-5q\">Aumento de temperatura frente a GPM:<\/strong>\u00a025 F @5,0 GPM , 31 \u00b0F a 4,0 GPM, 41 \u00b0F a 3,0 GPM,<\/p>\n<p>61 F a 2,0 GPM.<\/p>\n<p><strong class=\"x-el x-el-span c2-1c c2-1d c2-3 c2-5p c2-1l c2-50 c2-5q\">Tama\u00f1o y tama\u00f1o Peso: <\/strong>11&#8243; X 11&#8242; X 3&#8243; pulgadas, 12 libras.<\/p>\n<p><strong class=\"x-el x-el-span c2-1c c2-1d c2-3 c2-5p c2-1l c2-50 c2-5q\">Potencia \/ Voltios\/Amperios:<\/strong> 21\u00a0KW \/ 240 VAC \/ 88 A. Requiere al menos un panel de servicio de 200 A.<\/p>\n<p><strong class=\"x-el x-el-span c2-1c c2-1d c2-3 c2-5p c2-1l c2-50 c2-5q\">Garant\u00eda<\/strong>: 10 a\u00f1os contra fugas, 1 a\u00f1o despu\u00e9s componentes, Directamente con Niagara Industries. 305.876.9010.<\/p>\n<p><strong class=\"x-el x-el-span c2-1c c2-1d c2-3 c2-5p c2-1l c2-50 c2-5q\">Requisitos de presi\u00f3n de tuber\u00eda:<\/strong>\u00a05 PSI-Min.\/150 PSI<\/p>\n<p><strong>Cumplimiento:<\/strong> UL-#499<\/p>\n<p><strong>Listado:<\/strong> E212386<\/p>\n<p><strong>Probado:<\/strong> Laboratorios MET<\/p>\n<p><strong>Aprobaci\u00f3n NOA Dade:<\/strong> #<span style=\"color: #a22529;\"><a style=\"color: #a22529;\" href=\"https:\/\/titanwaterheaterfl.com\/wp-content\/uploads\/2024\/02\/001-18032210-2.pdf\" target=\"_blank\" rel=\"noopener\">18-0322.10<\/a><\/span><\/p>\n<p><strong>Laboratorios:<\/strong> ETL certificados por NSF\/ANSI-372<\/p>\n<p><strong>Elementos:<\/strong> Cobre dual\/Nicromo<\/p>\n<p><strong>Eficiencia Energ\u00e9tica:<\/strong> 99,5%<\/p>\n<p><strong>Activaci\u00f3n:<\/strong> 0,4 GPM-encendido\/).3 GPM-apagado<\/p>\n<p><strong>Indicadores:<\/strong> Rojo encendido\/Verde en espera<\/p>\n<p><strong>Protecci\u00f3n Digital:<\/strong> Control de temperatura &#8211; Termostato reiniciable manual.<\/p>\n<p><strong>Gu\u00eda de Energ\u00eda:<\/strong> <a href=\"https:\/\/titanwaterheaterfl.com\/pdf\/titan\/energy-guide-N210.png.pdf\" target=\"_blank\" rel=\"noopener\">Descargar PDF<\/a><\/p>\n<p><strong>Cat\u00e1logo:<\/strong> <a href=\"https:\/\/titanwaterheaterfl.com\/pdf\/titan\/SCR-4-Front-combined.pdf\">Descargar PDF<\/a><\/p>\n","protected":false},"excerpt":{"rendered":"<p style=\"text-align: justify;\">Disponible en tres modelos, el nuevo TITAN-SCR4 viene en 18 KW y 21 KW; lo cual es ideal para una amplia gama de aplicaciones, incluidas aplicaciones residenciales y algunas comerciales. Una unidad TITAN-SCR4 puede suministrar toda el agua caliente necesaria y, en algunas aplicaciones, el ahorro de energ\u00eda puede amortizar el coste unitario en un a\u00f1o.<\/p>\n","protected":false},"featured_media":2178,"comment_status":"closed","ping_status":"closed","template":"","meta":{"_joinchat":[]},"etheme_brands":[],"product_brand":[],"product_cat":[73],"product_tag":[],"class_list":{"0":"post-3422","1":"product","2":"type-product","3":"status-publish","4":"has-post-thumbnail","6":"product_cat-productos-titan","8":"first","9":"instock","10":"taxable","11":"shipping-taxable","12":"purchasable","13":"product-type-simple"},"yoast_head":"<!-- This site is optimized with the Yoast SEO Premium plugin v21.5 (Yoast SEO v26.6) - https:\/\/yoast.com\/wordpress\/plugins\/seo\/ -->\n<title>Calentador de Agua sin Tanque TITAN N-210 SCR-4 Digital. 21,0 kilovatios. 88 amperios. 5,0 galones por minuto - Tankless Electric Water Heaters - Tankless USA Inc<\/title>\n<meta name=\"robots\" content=\"index, follow, max-snippet:-1, max-image-preview:large, max-video-preview:-1\" \/>\n<link rel=\"canonical\" href=\"https:\/\/titanwaterheaterfl.com\/es\/producto\/titan-tankless-water-heater-n-210-scr-4-digital-21-0-kw-88-amp-5-0-gpm\/\" \/>\n<meta property=\"og:locale\" content=\"es_ES\" \/>\n<meta property=\"og:type\" content=\"article\" \/>\n<meta property=\"og:title\" content=\"Calentador de Agua sin Tanque TITAN N-210 SCR-4 Digital. 21,0 kilovatios. 88 amperios. 5,0 galones por minuto\" \/>\n<meta property=\"og:description\" content=\"Disponible en tres modelos, el nuevo TITAN-SCR4 viene en 18 KW y 21 KW; lo cual es ideal para una amplia gama de aplicaciones, incluidas aplicaciones residenciales y algunas comerciales. Una unidad TITAN-SCR4 puede suministrar toda el agua caliente necesaria y, en algunas aplicaciones, el ahorro de energ\u00eda puede amortizar el coste unitario en un a\u00f1o.\" \/>\n<meta property=\"og:url\" content=\"https:\/\/titanwaterheaterfl.com\/es\/producto\/titan-tankless-water-heater-n-210-scr-4-digital-21-0-kw-88-amp-5-0-gpm\/\" \/>\n<meta property=\"og:site_name\" content=\"Tankless Electric Water Heaters - Tankless USA Inc\" \/>\n<meta property=\"article:modified_time\" content=\"2024-03-05T13:01:17+00:00\" \/>\n<meta property=\"og:image\" content=\"https:\/\/titanwaterheaterfl.com\/wp-content\/uploads\/2024\/02\/006-TITAN-Tankless-Water-Heater-1.jpg\" \/>\n\t<meta property=\"og:image:width\" content=\"1000\" \/>\n\t<meta property=\"og:image:height\" content=\"1000\" \/>\n\t<meta property=\"og:image:type\" content=\"image\/jpeg\" \/>\n<meta name=\"twitter:card\" content=\"summary_large_image\" \/>\n<meta name=\"twitter:label1\" content=\"Tiempo de lectura\" \/>\n\t<meta name=\"twitter:data1\" content=\"2 minutos\" \/>\n<script type=\"application\/ld+json\" class=\"yoast-schema-graph\">{\"@context\":\"https:\/\/schema.org\",\"@graph\":[{\"@type\":\"WebPage\",\"@id\":\"https:\/\/titanwaterheaterfl.com\/es\/producto\/titan-tankless-water-heater-n-210-scr-4-digital-21-0-kw-88-amp-5-0-gpm\/\",\"url\":\"https:\/\/titanwaterheaterfl.com\/es\/producto\/titan-tankless-water-heater-n-210-scr-4-digital-21-0-kw-88-amp-5-0-gpm\/\",\"name\":\"Calentador de Agua sin Tanque TITAN N-210 SCR-4 Digital. 21,0 kilovatios. 88 amperios. 5,0 galones por minuto - Tankless Electric Water Heaters - Tankless USA Inc\",\"isPartOf\":{\"@id\":\"https:\/\/titanwaterheaterfl.com\/#website\"},\"primaryImageOfPage\":{\"@id\":\"https:\/\/titanwaterheaterfl.com\/es\/producto\/titan-tankless-water-heater-n-210-scr-4-digital-21-0-kw-88-amp-5-0-gpm\/#primaryimage\"},\"image\":{\"@id\":\"https:\/\/titanwaterheaterfl.com\/es\/producto\/titan-tankless-water-heater-n-210-scr-4-digital-21-0-kw-88-amp-5-0-gpm\/#primaryimage\"},\"thumbnailUrl\":\"https:\/\/titanwaterheaterfl.com\/wp-content\/uploads\/2024\/02\/006-TITAN-Tankless-Water-Heater-1.jpg\",\"datePublished\":\"2024-02-19T23:50:59+00:00\",\"dateModified\":\"2024-03-05T13:01:17+00:00\",\"breadcrumb\":{\"@id\":\"https:\/\/titanwaterheaterfl.com\/es\/producto\/titan-tankless-water-heater-n-210-scr-4-digital-21-0-kw-88-amp-5-0-gpm\/#breadcrumb\"},\"inLanguage\":\"es\",\"potentialAction\":[{\"@type\":\"ReadAction\",\"target\":[\"https:\/\/titanwaterheaterfl.com\/es\/producto\/titan-tankless-water-heater-n-210-scr-4-digital-21-0-kw-88-amp-5-0-gpm\/\"]}]},{\"@type\":\"ImageObject\",\"inLanguage\":\"es\",\"@id\":\"https:\/\/titanwaterheaterfl.com\/es\/producto\/titan-tankless-water-heater-n-210-scr-4-digital-21-0-kw-88-amp-5-0-gpm\/#primaryimage\",\"url\":\"https:\/\/titanwaterheaterfl.com\/wp-content\/uploads\/2024\/02\/006-TITAN-Tankless-Water-Heater-1.jpg\",\"contentUrl\":\"https:\/\/titanwaterheaterfl.com\/wp-content\/uploads\/2024\/02\/006-TITAN-Tankless-Water-Heater-1.jpg\",\"width\":1000,\"height\":1000},{\"@type\":\"BreadcrumbList\",\"@id\":\"https:\/\/titanwaterheaterfl.com\/es\/producto\/titan-tankless-water-heater-n-210-scr-4-digital-21-0-kw-88-amp-5-0-gpm\/#breadcrumb\",\"itemListElement\":[{\"@type\":\"ListItem\",\"position\":1,\"name\":\"Home\",\"item\":\"https:\/\/titanwaterheaterfl.com\/\"},{\"@type\":\"ListItem\",\"position\":2,\"name\":\"Tienda\",\"item\":\"https:\/\/titanwaterheaterfl.com\/es\/tienda\/\"},{\"@type\":\"ListItem\",\"position\":3,\"name\":\"Calentador de Agua sin Tanque TITAN N-210 SCR-4 Digital. 21,0 kilovatios. 88 amperios. 5,0 galones por minuto\"}]},{\"@type\":\"WebSite\",\"@id\":\"https:\/\/titanwaterheaterfl.com\/#website\",\"url\":\"https:\/\/titanwaterheaterfl.com\/\",\"name\":\"Tankless Electric Water Heaters - Tankless USA Inc\",\"description\":\"Find out how much a tankless water heater will cost for your home, and start saving money today. Our experts at Tankless USA Inc. can help you choose the best option for your needs. Tankless Electric Water Heaters, Miami, Florida.\",\"potentialAction\":[{\"@type\":\"SearchAction\",\"target\":{\"@type\":\"EntryPoint\",\"urlTemplate\":\"https:\/\/titanwaterheaterfl.com\/?s={search_term_string}\"},\"query-input\":{\"@type\":\"PropertyValueSpecification\",\"valueRequired\":true,\"valueName\":\"search_term_string\"}}],\"inLanguage\":\"es\"}]}<\/script>\n<!-- \/ Yoast SEO Premium plugin. -->","yoast_head_json":{"title":"Calentador de Agua sin Tanque TITAN N-210 SCR-4 Digital. 21,0 kilovatios. 88 amperios. 5,0 galones por minuto - Tankless Electric Water Heaters - Tankless USA Inc","robots":{"index":"index","follow":"follow","max-snippet":"max-snippet:-1","max-image-preview":"max-image-preview:large","max-video-preview":"max-video-preview:-1"},"canonical":"https:\/\/titanwaterheaterfl.com\/es\/producto\/titan-tankless-water-heater-n-210-scr-4-digital-21-0-kw-88-amp-5-0-gpm\/","og_locale":"es_ES","og_type":"article","og_title":"Calentador de Agua sin Tanque TITAN N-210 SCR-4 Digital. 21,0 kilovatios. 88 amperios. 5,0 galones por minuto","og_description":"Disponible en tres modelos, el nuevo TITAN-SCR4 viene en 18 KW y 21 KW; lo cual es ideal para una amplia gama de aplicaciones, incluidas aplicaciones residenciales y algunas comerciales. Una unidad TITAN-SCR4 puede suministrar toda el agua caliente necesaria y, en algunas aplicaciones, el ahorro de energ\u00eda puede amortizar el coste unitario en un a\u00f1o.","og_url":"https:\/\/titanwaterheaterfl.com\/es\/producto\/titan-tankless-water-heater-n-210-scr-4-digital-21-0-kw-88-amp-5-0-gpm\/","og_site_name":"Tankless Electric Water Heaters - Tankless USA Inc","article_modified_time":"2024-03-05T13:01:17+00:00","og_image":[{"width":1000,"height":1000,"url":"https:\/\/titanwaterheaterfl.com\/wp-content\/uploads\/2024\/02\/006-TITAN-Tankless-Water-Heater-1.jpg","type":"image\/jpeg"}],"twitter_card":"summary_large_image","twitter_misc":{"Tiempo de lectura":"2 minutos"},"schema":{"@context":"https:\/\/schema.org","@graph":[{"@type":"WebPage","@id":"https:\/\/titanwaterheaterfl.com\/es\/producto\/titan-tankless-water-heater-n-210-scr-4-digital-21-0-kw-88-amp-5-0-gpm\/","url":"https:\/\/titanwaterheaterfl.com\/es\/producto\/titan-tankless-water-heater-n-210-scr-4-digital-21-0-kw-88-amp-5-0-gpm\/","name":"Calentador de Agua sin Tanque TITAN N-210 SCR-4 Digital. 21,0 kilovatios. 88 amperios. 5,0 galones por minuto - Tankless Electric Water Heaters - Tankless USA Inc","isPartOf":{"@id":"https:\/\/titanwaterheaterfl.com\/#website"},"primaryImageOfPage":{"@id":"https:\/\/titanwaterheaterfl.com\/es\/producto\/titan-tankless-water-heater-n-210-scr-4-digital-21-0-kw-88-amp-5-0-gpm\/#primaryimage"},"image":{"@id":"https:\/\/titanwaterheaterfl.com\/es\/producto\/titan-tankless-water-heater-n-210-scr-4-digital-21-0-kw-88-amp-5-0-gpm\/#primaryimage"},"thumbnailUrl":"https:\/\/titanwaterheaterfl.com\/wp-content\/uploads\/2024\/02\/006-TITAN-Tankless-Water-Heater-1.jpg","datePublished":"2024-02-19T23:50:59+00:00","dateModified":"2024-03-05T13:01:17+00:00","breadcrumb":{"@id":"https:\/\/titanwaterheaterfl.com\/es\/producto\/titan-tankless-water-heater-n-210-scr-4-digital-21-0-kw-88-amp-5-0-gpm\/#breadcrumb"},"inLanguage":"es","potentialAction":[{"@type":"ReadAction","target":["https:\/\/titanwaterheaterfl.com\/es\/producto\/titan-tankless-water-heater-n-210-scr-4-digital-21-0-kw-88-amp-5-0-gpm\/"]}]},{"@type":"ImageObject","inLanguage":"es","@id":"https:\/\/titanwaterheaterfl.com\/es\/producto\/titan-tankless-water-heater-n-210-scr-4-digital-21-0-kw-88-amp-5-0-gpm\/#primaryimage","url":"https:\/\/titanwaterheaterfl.com\/wp-content\/uploads\/2024\/02\/006-TITAN-Tankless-Water-Heater-1.jpg","contentUrl":"https:\/\/titanwaterheaterfl.com\/wp-content\/uploads\/2024\/02\/006-TITAN-Tankless-Water-Heater-1.jpg","width":1000,"height":1000},{"@type":"BreadcrumbList","@id":"https:\/\/titanwaterheaterfl.com\/es\/producto\/titan-tankless-water-heater-n-210-scr-4-digital-21-0-kw-88-amp-5-0-gpm\/#breadcrumb","itemListElement":[{"@type":"ListItem","position":1,"name":"Home","item":"https:\/\/titanwaterheaterfl.com\/"},{"@type":"ListItem","position":2,"name":"Tienda","item":"https:\/\/titanwaterheaterfl.com\/es\/tienda\/"},{"@type":"ListItem","position":3,"name":"Calentador de Agua sin Tanque TITAN N-210 SCR-4 Digital. 21,0 kilovatios. 88 amperios. 5,0 galones por minuto"}]},{"@type":"WebSite","@id":"https:\/\/titanwaterheaterfl.com\/#website","url":"https:\/\/titanwaterheaterfl.com\/","name":"Tankless Electric Water Heaters - Tankless USA Inc","description":"Find out how much a tankless water heater will cost for your home, and start saving money today. Our experts at Tankless USA Inc. can help you choose the best option for your needs. Tankless Electric Water Heaters, Miami, Florida.","potentialAction":[{"@type":"SearchAction","target":{"@type":"EntryPoint","urlTemplate":"https:\/\/titanwaterheaterfl.com\/?s={search_term_string}"},"query-input":{"@type":"PropertyValueSpecification","valueRequired":true,"valueName":"search_term_string"}}],"inLanguage":"es"}]}},"_links":{"self":[{"href":"https:\/\/titanwaterheaterfl.com\/es\/wp-json\/wp\/v2\/product\/3422","targetHints":{"allow":["GET"]}}],"collection":[{"href":"https:\/\/titanwaterheaterfl.com\/es\/wp-json\/wp\/v2\/product"}],"about":[{"href":"https:\/\/titanwaterheaterfl.com\/es\/wp-json\/wp\/v2\/types\/product"}],"replies":[{"embeddable":true,"href":"https:\/\/titanwaterheaterfl.com\/es\/wp-json\/wp\/v2\/comments?post=3422"}],"version-history":[{"count":3,"href":"https:\/\/titanwaterheaterfl.com\/es\/wp-json\/wp\/v2\/product\/3422\/revisions"}],"predecessor-version":[{"id":4142,"href":"https:\/\/titanwaterheaterfl.com\/es\/wp-json\/wp\/v2\/product\/3422\/revisions\/4142"}],"wp:featuredmedia":[{"embeddable":true,"href":"https:\/\/titanwaterheaterfl.com\/es\/wp-json\/wp\/v2\/media\/2178"}],"wp:attachment":[{"href":"https:\/\/titanwaterheaterfl.com\/es\/wp-json\/wp\/v2\/media?parent=3422"}],"wp:term":[{"taxonomy":"brand","embeddable":true,"href":"https:\/\/titanwaterheaterfl.com\/es\/wp-json\/wp\/v2\/etheme_brands?post=3422"},{"taxonomy":"product_brand","embeddable":true,"href":"https:\/\/titanwaterheaterfl.com\/es\/wp-json\/wp\/v2\/product_brand?post=3422"},{"taxonomy":"product_cat","embeddable":true,"href":"https:\/\/titanwaterheaterfl.com\/es\/wp-json\/wp\/v2\/product_cat?post=3422"},{"taxonomy":"product_tag","embeddable":true,"href":"https:\/\/titanwaterheaterfl.com\/es\/wp-json\/wp\/v2\/product_tag?post=3422"}],"curies":[{"name":"wp","href":"https:\/\/api.w.org\/{rel}","templated":true}]}}