{"id":3460,"date":"2024-02-19T19:10:06","date_gmt":"2024-02-20T00:10:06","guid":{"rendered":"https:\/\/titanwaterheaterfl.com\/product\/titan-tankless-water-heater-n-120x-scr-2-digital-11-8-kw-54-amp-4-gpm\/"},"modified":"2024-03-05T00:36:57","modified_gmt":"2024-03-05T05:36:57","slug":"titan-tankless-water-heater-n-120x-scr-2-digital-11-8-kw-54-amp-4-gpm","status":"publish","type":"product","link":"https:\/\/titanwaterheaterfl.com\/es\/producto\/titan-tankless-water-heater-n-120x-scr-2-digital-11-8-kw-54-amp-4-gpm\/","title":{"rendered":"Calentador de Agua sin Tanque TITAN N-120X SCR-2 Digital. 11,8 kilovatios, 54 amperios, 4 GPM"},"content":{"rendered":"<p style=\"text-align: justify;\">Presentamos el calentador de agua Titan N-120, un calentador el\u00e9ctrico sin tanque de \u00faltima generaci\u00f3n dise\u00f1ado para satisfacer las necesidades \u00fanicas de agua caliente de hogares peque\u00f1os en climas c\u00e1lidos. Con su tecnolog\u00eda avanzada, dise\u00f1o compacto y funcionamiento energ\u00e9ticamente eficiente, el N-120 Titan garantiza un suministro continuo y confiable de agua caliente, lo que lo convierte en la opci\u00f3n perfecta para quienes buscan soluciones de calentamiento de agua rentables y respetuosas con el medio ambiente. Disfrute del lujo de agua caliente infinita, precisamente cuando la necesita, con el N-120 Titan en su hogar de clima c\u00e1lido.<\/p>\n<p><strong class=\"x-el x-el-span c2-1c c2-1d c2-3 c2-5p c2-1l c2-50 c2-5q\">Env\u00edo terrestre gratuito por UPS. Env\u00edo el mismo d\u00eda en pedidos recibidos antes de las 4:00 p. m., hora del Este.<\/strong><\/p>\n<p><strong class=\"x-el x-el-span c2-1c c2-1d c2-3 c2-5p c2-1l c2-50 c2-5q\">Disponible para \u00abRECOGER LOCAL\u00bb en Nuestra Tienda en MIAMI.<\/strong><\/p>\n<p><strong class=\"x-el x-el-span c2-1c c2-1d c2-3 c2-5p c2-1l c2-50 c2-5q\">Usos:<\/strong> Casas de 2 ba\u00f1os, climas c\u00e1lidos, 1500 s.f. m\u00e1x.; 1 ba\u00f1o peque\u00f1o apartamento o casa en climas m\u00e1s fr\u00edos.<\/p>\n<p><strong class=\"x-el x-el-span c2-1c c2-1d c2-3 c2-5p c2-1l c2-50 c2-5q\">Potencia\/Voltios\/Amperios: <\/strong>11,8 KW\/220 VCA \/ 54 Amperios.<\/p>\n<p><strong class=\"x-el x-el-span c2-1c c2-1d c2-3 c2-5p c2-1l c2-50 c2-5q\">Voltaje m\u00e1ximo:\u00a0<\/strong>220 VCA est\u00e1ndar (208\/ 277 disponible.)<\/p>\n<p><strong class=\"x-el x-el-span c2-1c c2-1d c2-3 c2-5p c2-1l c2-50 c2-5q\">Especificaciones: <\/strong>Cable calibre n.\u00ba 6, 60 amperios doble disyuntor de postes, accesorios de tuber\u00eda de 1\/2 pulgada al lado del calentador.<\/p>\n<p><strong class=\"x-el x-el-span c2-1c c2-1d c2-3 c2-5p c2-1l c2-50 c2-5q\">Requisitos de presi\u00f3n de tuber\u00eda:<\/strong>\u00a05 PSI-Min.\/150 PSI<\/p>\n<p><strong class=\"x-el x-el-span c2-1c c2-1d c2-3 c2-5p c2-1l c2-50 c2-5q\">M\u00e1s informaci\u00f3n:<\/strong>\u00a04,0 galones por minuto. (GPM)<\/p>\n<p><strong class=\"x-el x-el-span c2-1c c2-1d c2-3 c2-5p c2-1l c2-50 c2-5q\">Tama\u00f1o y tama\u00f1o Peso: <\/strong>10&#8243; X 7&#8242; X 3&#8243; pulgadas, 9 libras.<\/p>\n<p><strong class=\"x-el x-el-span c2-1c c2-1d c2-3 c2-5p c2-1l c2-50 c2-5q\">Garant\u00eda<\/strong>: 1 a\u00f1o en componentes. 10 a\u00f1os contra fugas, Directamente con Niagara Industries. 305.876.9010.<\/p>\n<p><strong>Cumplimiento:<\/strong> UL-#499<\/p>\n<p><strong>Listado:<\/strong> E212386<\/p>\n<p><strong>Probado:<\/strong> MET Laboratories<\/p>\n<p><strong>Aprobaci\u00f3n NOA Dade:<\/strong> #<span style=\"color: #a22529;\"><a class=\"x-el x-el-a c2-1c c2-1d c2-5t c2-1f c2-1g c2-5u c2-j c2-5v c2-3 c2-q c2-1i c2-1j c2-1k\" style=\"color: #a22529;\" href=\"https:\/\/titanwaterheaterfl.com\/wp-content\/uploads\/2024\/02\/001-18032210-2.pdf\" target=\"_blank\" rel=\"noopener\">18-0322.10<\/a><\/span><\/p>\n<p><strong>Laboratorios:<\/strong> ETL certificados por NSF\/ANSI-372<\/p>\n<p><strong>Elementos:<\/strong> Doble Cobre\/Nicromo<\/p>\n<p><strong>Eficiencia Energ\u00e9tica:<\/strong> 99,5%<\/p>\n<p><strong>Activaci\u00f3n:<\/strong> 0,4 GPM-encendido\/).3 GPM-apagado<\/p>\n<p><strong>Indicadores:<\/strong> Rojo encendido\/Verde en espera<\/p>\n<p><strong>Protecci\u00f3n Digital:<\/strong> Control de temperatura &#8211; Termostato reiniciable manual.<\/p>\n<p><strong>Gu\u00eda de Energ\u00eda:<\/strong> <a href=\"https:\/\/titanwaterheaterfl.com\/pdf\/titan\/energy-guide-N120.png.pdf\" target=\"_blank\" rel=\"noopener\">Descargar PDF<\/a><\/p>\n<p><strong>Cat\u00e1logo:<\/strong> <a href=\"https:\/\/titanwaterheaterfl.com\/pdf\/titan\/SCR-2-Front-combined.pdf\" target=\"_blank\" rel=\"noopener\">Descargar PDF<\/a><\/p>\n<p>C\u00f3mo elegir un modelo Titan,\u00a0<a href=\"https:\/\/titanwaterheaterfl.com\/wp-content\/uploads\/2024\/02\/001-Titan-Map.pdf\" target=\"_blank\" rel=\"noopener\"><span style=\"color: #a22529;\">haga clic aqu\u00ed<\/span><\/a>.<\/p>\n","protected":false},"excerpt":{"rendered":"<p style=\"text-align: justify;\">El nuevo calentador de agua digital sin tanque TITAN\u00ae-SCR2 incorpora nueva tecnolog\u00eda de la era espacial y presenta un sistema de muestreo de temperatura m\u00e1s r\u00e1pido y preciso, un termostato reiniciable manualmente y un nuevo sistema de an\u00e1lisis diferencial de aire\/agua para evitar arranques en seco (que es un problema clave). para otros sistemas sin tanque).<\/p>\n","protected":false},"featured_media":2062,"comment_status":"closed","ping_status":"closed","template":"","meta":{"_joinchat":[]},"etheme_brands":[],"product_brand":[],"product_cat":[73],"product_tag":[],"class_list":{"0":"post-3460","1":"product","2":"type-product","3":"status-publish","4":"has-post-thumbnail","6":"product_cat-productos-titan","8":"first","9":"instock","10":"taxable","11":"shipping-taxable","12":"purchasable","13":"product-type-simple"},"yoast_head":"<!-- This site is optimized with the Yoast SEO Premium plugin v21.5 (Yoast SEO v26.6) - https:\/\/yoast.com\/wordpress\/plugins\/seo\/ -->\n<title>Calentador de Agua sin Tanque TITAN N-120X SCR-2 Digital. 11,8 kilovatios, 54 amperios, 4 GPM - Tankless Electric Water Heaters - Tankless USA Inc<\/title>\n<meta name=\"robots\" content=\"index, follow, max-snippet:-1, max-image-preview:large, max-video-preview:-1\" \/>\n<link rel=\"canonical\" href=\"https:\/\/titanwaterheaterfl.com\/es\/producto\/titan-tankless-water-heater-n-120x-scr-2-digital-11-8-kw-54-amp-4-gpm\/\" \/>\n<meta property=\"og:locale\" content=\"es_ES\" \/>\n<meta property=\"og:type\" content=\"article\" \/>\n<meta property=\"og:title\" content=\"Calentador de Agua sin Tanque TITAN N-120X SCR-2 Digital. 11,8 kilovatios, 54 amperios, 4 GPM\" \/>\n<meta property=\"og:description\" content=\"El nuevo calentador de agua digital sin tanque TITAN\u00ae-SCR2 incorpora nueva tecnolog\u00eda de la era espacial y presenta un sistema de muestreo de temperatura m\u00e1s r\u00e1pido y preciso, un termostato reiniciable manualmente y un nuevo sistema de an\u00e1lisis diferencial de aire\/agua para evitar arranques en seco (que es un problema clave). para otros sistemas sin tanque).\" \/>\n<meta property=\"og:url\" content=\"https:\/\/titanwaterheaterfl.com\/es\/producto\/titan-tankless-water-heater-n-120x-scr-2-digital-11-8-kw-54-amp-4-gpm\/\" \/>\n<meta property=\"og:site_name\" content=\"Tankless Electric Water Heaters - Tankless USA Inc\" \/>\n<meta property=\"article:modified_time\" content=\"2024-03-05T05:36:57+00:00\" \/>\n<meta property=\"og:image\" content=\"https:\/\/titanwaterheaterfl.com\/wp-content\/uploads\/2024\/02\/001-TITAN-Tankless-Water-Heater-1.jpg\" \/>\n\t<meta property=\"og:image:width\" content=\"1000\" \/>\n\t<meta property=\"og:image:height\" content=\"1000\" \/>\n\t<meta property=\"og:image:type\" content=\"image\/jpeg\" \/>\n<meta name=\"twitter:card\" content=\"summary_large_image\" \/>\n<meta name=\"twitter:label1\" content=\"Tiempo de lectura\" \/>\n\t<meta name=\"twitter:data1\" content=\"2 minutos\" \/>\n<script type=\"application\/ld+json\" class=\"yoast-schema-graph\">{\"@context\":\"https:\/\/schema.org\",\"@graph\":[{\"@type\":\"WebPage\",\"@id\":\"https:\/\/titanwaterheaterfl.com\/es\/producto\/titan-tankless-water-heater-n-120x-scr-2-digital-11-8-kw-54-amp-4-gpm\/\",\"url\":\"https:\/\/titanwaterheaterfl.com\/es\/producto\/titan-tankless-water-heater-n-120x-scr-2-digital-11-8-kw-54-amp-4-gpm\/\",\"name\":\"Calentador de Agua sin Tanque TITAN N-120X SCR-2 Digital. 11,8 kilovatios, 54 amperios, 4 GPM - Tankless Electric Water Heaters - Tankless USA Inc\",\"isPartOf\":{\"@id\":\"https:\/\/titanwaterheaterfl.com\/#website\"},\"primaryImageOfPage\":{\"@id\":\"https:\/\/titanwaterheaterfl.com\/es\/producto\/titan-tankless-water-heater-n-120x-scr-2-digital-11-8-kw-54-amp-4-gpm\/#primaryimage\"},\"image\":{\"@id\":\"https:\/\/titanwaterheaterfl.com\/es\/producto\/titan-tankless-water-heater-n-120x-scr-2-digital-11-8-kw-54-amp-4-gpm\/#primaryimage\"},\"thumbnailUrl\":\"https:\/\/titanwaterheaterfl.com\/wp-content\/uploads\/2024\/02\/001-TITAN-Tankless-Water-Heater-1.jpg\",\"datePublished\":\"2024-02-20T00:10:06+00:00\",\"dateModified\":\"2024-03-05T05:36:57+00:00\",\"breadcrumb\":{\"@id\":\"https:\/\/titanwaterheaterfl.com\/es\/producto\/titan-tankless-water-heater-n-120x-scr-2-digital-11-8-kw-54-amp-4-gpm\/#breadcrumb\"},\"inLanguage\":\"es\",\"potentialAction\":[{\"@type\":\"ReadAction\",\"target\":[\"https:\/\/titanwaterheaterfl.com\/es\/producto\/titan-tankless-water-heater-n-120x-scr-2-digital-11-8-kw-54-amp-4-gpm\/\"]}]},{\"@type\":\"ImageObject\",\"inLanguage\":\"es\",\"@id\":\"https:\/\/titanwaterheaterfl.com\/es\/producto\/titan-tankless-water-heater-n-120x-scr-2-digital-11-8-kw-54-amp-4-gpm\/#primaryimage\",\"url\":\"https:\/\/titanwaterheaterfl.com\/wp-content\/uploads\/2024\/02\/001-TITAN-Tankless-Water-Heater-1.jpg\",\"contentUrl\":\"https:\/\/titanwaterheaterfl.com\/wp-content\/uploads\/2024\/02\/001-TITAN-Tankless-Water-Heater-1.jpg\",\"width\":1000,\"height\":1000},{\"@type\":\"BreadcrumbList\",\"@id\":\"https:\/\/titanwaterheaterfl.com\/es\/producto\/titan-tankless-water-heater-n-120x-scr-2-digital-11-8-kw-54-amp-4-gpm\/#breadcrumb\",\"itemListElement\":[{\"@type\":\"ListItem\",\"position\":1,\"name\":\"Home\",\"item\":\"https:\/\/titanwaterheaterfl.com\/\"},{\"@type\":\"ListItem\",\"position\":2,\"name\":\"Tienda\",\"item\":\"https:\/\/titanwaterheaterfl.com\/es\/tienda\/\"},{\"@type\":\"ListItem\",\"position\":3,\"name\":\"Calentador de Agua sin Tanque TITAN N-120X SCR-2 Digital. 11,8 kilovatios, 54 amperios, 4 GPM\"}]},{\"@type\":\"WebSite\",\"@id\":\"https:\/\/titanwaterheaterfl.com\/#website\",\"url\":\"https:\/\/titanwaterheaterfl.com\/\",\"name\":\"Tankless Electric Water Heaters - Tankless USA Inc\",\"description\":\"Find out how much a tankless water heater will cost for your home, and start saving money today. Our experts at Tankless USA Inc. can help you choose the best option for your needs. Tankless Electric Water Heaters, Miami, Florida.\",\"potentialAction\":[{\"@type\":\"SearchAction\",\"target\":{\"@type\":\"EntryPoint\",\"urlTemplate\":\"https:\/\/titanwaterheaterfl.com\/?s={search_term_string}\"},\"query-input\":{\"@type\":\"PropertyValueSpecification\",\"valueRequired\":true,\"valueName\":\"search_term_string\"}}],\"inLanguage\":\"es\"}]}<\/script>\n<!-- \/ Yoast SEO Premium plugin. -->","yoast_head_json":{"title":"Calentador de Agua sin Tanque TITAN N-120X SCR-2 Digital. 11,8 kilovatios, 54 amperios, 4 GPM - Tankless Electric Water Heaters - Tankless USA Inc","robots":{"index":"index","follow":"follow","max-snippet":"max-snippet:-1","max-image-preview":"max-image-preview:large","max-video-preview":"max-video-preview:-1"},"canonical":"https:\/\/titanwaterheaterfl.com\/es\/producto\/titan-tankless-water-heater-n-120x-scr-2-digital-11-8-kw-54-amp-4-gpm\/","og_locale":"es_ES","og_type":"article","og_title":"Calentador de Agua sin Tanque TITAN N-120X SCR-2 Digital. 11,8 kilovatios, 54 amperios, 4 GPM","og_description":"El nuevo calentador de agua digital sin tanque TITAN\u00ae-SCR2 incorpora nueva tecnolog\u00eda de la era espacial y presenta un sistema de muestreo de temperatura m\u00e1s r\u00e1pido y preciso, un termostato reiniciable manualmente y un nuevo sistema de an\u00e1lisis diferencial de aire\/agua para evitar arranques en seco (que es un problema clave). para otros sistemas sin tanque).","og_url":"https:\/\/titanwaterheaterfl.com\/es\/producto\/titan-tankless-water-heater-n-120x-scr-2-digital-11-8-kw-54-amp-4-gpm\/","og_site_name":"Tankless Electric Water Heaters - Tankless USA Inc","article_modified_time":"2024-03-05T05:36:57+00:00","og_image":[{"width":1000,"height":1000,"url":"https:\/\/titanwaterheaterfl.com\/wp-content\/uploads\/2024\/02\/001-TITAN-Tankless-Water-Heater-1.jpg","type":"image\/jpeg"}],"twitter_card":"summary_large_image","twitter_misc":{"Tiempo de lectura":"2 minutos"},"schema":{"@context":"https:\/\/schema.org","@graph":[{"@type":"WebPage","@id":"https:\/\/titanwaterheaterfl.com\/es\/producto\/titan-tankless-water-heater-n-120x-scr-2-digital-11-8-kw-54-amp-4-gpm\/","url":"https:\/\/titanwaterheaterfl.com\/es\/producto\/titan-tankless-water-heater-n-120x-scr-2-digital-11-8-kw-54-amp-4-gpm\/","name":"Calentador de Agua sin Tanque TITAN N-120X SCR-2 Digital. 11,8 kilovatios, 54 amperios, 4 GPM - Tankless Electric Water Heaters - Tankless USA Inc","isPartOf":{"@id":"https:\/\/titanwaterheaterfl.com\/#website"},"primaryImageOfPage":{"@id":"https:\/\/titanwaterheaterfl.com\/es\/producto\/titan-tankless-water-heater-n-120x-scr-2-digital-11-8-kw-54-amp-4-gpm\/#primaryimage"},"image":{"@id":"https:\/\/titanwaterheaterfl.com\/es\/producto\/titan-tankless-water-heater-n-120x-scr-2-digital-11-8-kw-54-amp-4-gpm\/#primaryimage"},"thumbnailUrl":"https:\/\/titanwaterheaterfl.com\/wp-content\/uploads\/2024\/02\/001-TITAN-Tankless-Water-Heater-1.jpg","datePublished":"2024-02-20T00:10:06+00:00","dateModified":"2024-03-05T05:36:57+00:00","breadcrumb":{"@id":"https:\/\/titanwaterheaterfl.com\/es\/producto\/titan-tankless-water-heater-n-120x-scr-2-digital-11-8-kw-54-amp-4-gpm\/#breadcrumb"},"inLanguage":"es","potentialAction":[{"@type":"ReadAction","target":["https:\/\/titanwaterheaterfl.com\/es\/producto\/titan-tankless-water-heater-n-120x-scr-2-digital-11-8-kw-54-amp-4-gpm\/"]}]},{"@type":"ImageObject","inLanguage":"es","@id":"https:\/\/titanwaterheaterfl.com\/es\/producto\/titan-tankless-water-heater-n-120x-scr-2-digital-11-8-kw-54-amp-4-gpm\/#primaryimage","url":"https:\/\/titanwaterheaterfl.com\/wp-content\/uploads\/2024\/02\/001-TITAN-Tankless-Water-Heater-1.jpg","contentUrl":"https:\/\/titanwaterheaterfl.com\/wp-content\/uploads\/2024\/02\/001-TITAN-Tankless-Water-Heater-1.jpg","width":1000,"height":1000},{"@type":"BreadcrumbList","@id":"https:\/\/titanwaterheaterfl.com\/es\/producto\/titan-tankless-water-heater-n-120x-scr-2-digital-11-8-kw-54-amp-4-gpm\/#breadcrumb","itemListElement":[{"@type":"ListItem","position":1,"name":"Home","item":"https:\/\/titanwaterheaterfl.com\/"},{"@type":"ListItem","position":2,"name":"Tienda","item":"https:\/\/titanwaterheaterfl.com\/es\/tienda\/"},{"@type":"ListItem","position":3,"name":"Calentador de Agua sin Tanque TITAN N-120X SCR-2 Digital. 11,8 kilovatios, 54 amperios, 4 GPM"}]},{"@type":"WebSite","@id":"https:\/\/titanwaterheaterfl.com\/#website","url":"https:\/\/titanwaterheaterfl.com\/","name":"Tankless Electric Water Heaters - Tankless USA Inc","description":"Find out how much a tankless water heater will cost for your home, and start saving money today. Our experts at Tankless USA Inc. can help you choose the best option for your needs. Tankless Electric Water Heaters, Miami, Florida.","potentialAction":[{"@type":"SearchAction","target":{"@type":"EntryPoint","urlTemplate":"https:\/\/titanwaterheaterfl.com\/?s={search_term_string}"},"query-input":{"@type":"PropertyValueSpecification","valueRequired":true,"valueName":"search_term_string"}}],"inLanguage":"es"}]}},"_links":{"self":[{"href":"https:\/\/titanwaterheaterfl.com\/es\/wp-json\/wp\/v2\/product\/3460","targetHints":{"allow":["GET"]}}],"collection":[{"href":"https:\/\/titanwaterheaterfl.com\/es\/wp-json\/wp\/v2\/product"}],"about":[{"href":"https:\/\/titanwaterheaterfl.com\/es\/wp-json\/wp\/v2\/types\/product"}],"replies":[{"embeddable":true,"href":"https:\/\/titanwaterheaterfl.com\/es\/wp-json\/wp\/v2\/comments?post=3460"}],"version-history":[{"count":3,"href":"https:\/\/titanwaterheaterfl.com\/es\/wp-json\/wp\/v2\/product\/3460\/revisions"}],"predecessor-version":[{"id":4129,"href":"https:\/\/titanwaterheaterfl.com\/es\/wp-json\/wp\/v2\/product\/3460\/revisions\/4129"}],"wp:featuredmedia":[{"embeddable":true,"href":"https:\/\/titanwaterheaterfl.com\/es\/wp-json\/wp\/v2\/media\/2062"}],"wp:attachment":[{"href":"https:\/\/titanwaterheaterfl.com\/es\/wp-json\/wp\/v2\/media?parent=3460"}],"wp:term":[{"taxonomy":"brand","embeddable":true,"href":"https:\/\/titanwaterheaterfl.com\/es\/wp-json\/wp\/v2\/etheme_brands?post=3460"},{"taxonomy":"product_brand","embeddable":true,"href":"https:\/\/titanwaterheaterfl.com\/es\/wp-json\/wp\/v2\/product_brand?post=3460"},{"taxonomy":"product_cat","embeddable":true,"href":"https:\/\/titanwaterheaterfl.com\/es\/wp-json\/wp\/v2\/product_cat?post=3460"},{"taxonomy":"product_tag","embeddable":true,"href":"https:\/\/titanwaterheaterfl.com\/es\/wp-json\/wp\/v2\/product_tag?post=3460"}],"curies":[{"name":"wp","href":"https:\/\/api.w.org\/{rel}","templated":true}]}}